{"id":79,"date":"2021-06-03T17:27:14","date_gmt":"2021-06-03T15:27:14","guid":{"rendered":"http:\/\/drbenedictesimon.com\/?page_id=79"},"modified":"2021-07-05T11:29:43","modified_gmt":"2021-07-05T09:29:43","slug":"informations-avant-chirurgie","status":"publish","type":"page","link":"https:\/\/drbenedictesimon.com\/index.php\/informations-avant-chirurgie\/","title":{"rendered":"Informations avant chirurgie"},"content":{"rendered":"\t\t<div data-elementor-type=\"wp-page\" data-elementor-id=\"79\" class=\"elementor elementor-79\" data-elementor-settings=\"[]\">\n\t\t\t\t\t\t\t<div class=\"elementor-section-wrap\">\n\t\t\t\t\t\t\t<section class=\"elementor-section elementor-top-section elementor-element elementor-element-77ad525 elementor-section-boxed elementor-section-height-default elementor-section-height-default\" data-id=\"77ad525\" data-element_type=\"section\">\n\t\t\t\t\t\t<div class=\"elementor-container elementor-column-gap-default\">\n\t\t\t\t\t<div class=\"elementor-column elementor-col-100 elementor-top-column elementor-element elementor-element-aa0b4d5\" data-id=\"aa0b4d5\" data-element_type=\"column\">\n\t\t\t<div class=\"elementor-widget-wrap elementor-element-populated\">\n\t\t\t\t\t\t\t\t<div class=\"elementor-element elementor-element-19f7618 elementor-widget elementor-widget-heading\" data-id=\"19f7618\" data-element_type=\"widget\" data-widget_type=\"heading.default\">\n\t\t\t\t<div class=\"elementor-widget-container\">\n\t\t\t<h1 class=\"elementor-heading-title elementor-size-default\">Chirurgie gyn\u00e9cologique<\/h1>\t\t<\/div>\n\t\t\t\t<\/div>\n\t\t\t\t\t<\/div>\n\t\t<\/div>\n\t\t\t\t\t\t\t<\/div>\n\t\t<\/section>\n\t\t\t\t<section class=\"elementor-section elementor-top-section elementor-element elementor-element-5c34240 elementor-section-boxed elementor-section-height-default elementor-section-height-default\" data-id=\"5c34240\" data-element_type=\"section\">\n\t\t\t\t\t\t<div class=\"elementor-container elementor-column-gap-default\">\n\t\t\t\t\t<div class=\"elementor-column elementor-col-100 elementor-top-column elementor-element elementor-element-4574e38\" data-id=\"4574e38\" data-element_type=\"column\">\n\t\t\t<div class=\"elementor-widget-wrap elementor-element-populated\">\n\t\t\t\t\t\t\t\t<div class=\"elementor-element elementor-element-072c943 elementor-widget elementor-widget-text-editor\" data-id=\"072c943\" data-element_type=\"widget\" data-widget_type=\"text-editor.default\">\n\t\t\t\t<div class=\"elementor-widget-container\">\n\t\t\t\t\t\t\t\t<hr \/>\n<p>\u00a0<\/p>\t\t\t\t\t\t<\/div>\n\t\t\t\t<\/div>\n\t\t\t\t\t<\/div>\n\t\t<\/div>\n\t\t\t\t\t\t\t<\/div>\n\t\t<\/section>\n\t\t\t\t<section class=\"elementor-section elementor-top-section elementor-element elementor-element-6c81574 elementor-section-height-min-height elementor-section-boxed elementor-section-height-default elementor-section-items-middle\" data-id=\"6c81574\" data-element_type=\"section\" data-settings=\"{&quot;background_background&quot;:&quot;classic&quot;}\">\n\t\t\t\t\t\t<div class=\"elementor-container elementor-column-gap-default\">\n\t\t\t\t\t<div class=\"elementor-column elementor-col-100 elementor-top-column elementor-element elementor-element-095f5cb\" data-id=\"095f5cb\" data-element_type=\"column\">\n\t\t\t<div class=\"elementor-widget-wrap\">\n\t\t\t\t\t\t\t\t\t<\/div>\n\t\t<\/div>\n\t\t\t\t\t\t\t<\/div>\n\t\t<\/section>\n\t\t\t\t<section class=\"elementor-section elementor-top-section elementor-element elementor-element-5a649ae elementor-section-boxed elementor-section-height-default elementor-section-height-default\" data-id=\"5a649ae\" data-element_type=\"section\">\n\t\t\t\t\t\t<div class=\"elementor-container elementor-column-gap-default\">\n\t\t\t\t\t<div class=\"elementor-column elementor-col-100 elementor-top-column elementor-element elementor-element-e2cee17\" data-id=\"e2cee17\" data-element_type=\"column\">\n\t\t\t<div class=\"elementor-widget-wrap elementor-element-populated\">\n\t\t\t\t\t\t\t\t<div class=\"elementor-element elementor-element-9f4e88a animated-slow elementor-invisible elementor-widget elementor-widget-heading\" data-id=\"9f4e88a\" data-element_type=\"widget\" data-settings=\"{&quot;_animation&quot;:&quot;fadeIn&quot;}\" data-widget_type=\"heading.default\">\n\t\t\t\t<div class=\"elementor-widget-container\">\n\t\t\t<h3 class=\"elementor-heading-title elementor-size-default\">Quelques conseils avant l'op\u00e9ration<\/h3>\t\t<\/div>\n\t\t\t\t<\/div>\n\t\t\t\t\t<\/div>\n\t\t<\/div>\n\t\t\t\t\t\t\t<\/div>\n\t\t<\/section>\n\t\t\t\t<section class=\"elementor-section elementor-top-section elementor-element elementor-element-af4915e elementor-section-boxed elementor-section-height-default elementor-section-height-default\" data-id=\"af4915e\" data-element_type=\"section\">\n\t\t\t\t\t\t<div class=\"elementor-container elementor-column-gap-default\">\n\t\t\t\t\t<div class=\"elementor-column elementor-col-100 elementor-top-column elementor-element elementor-element-3f299e1\" data-id=\"3f299e1\" data-element_type=\"column\">\n\t\t\t<div class=\"elementor-widget-wrap elementor-element-populated\">\n\t\t\t\t\t\t\t\t<section class=\"elementor-section elementor-inner-section elementor-element elementor-element-09af619 elementor-section-boxed elementor-section-height-default elementor-section-height-default\" data-id=\"09af619\" data-element_type=\"section\">\n\t\t\t\t\t\t<div class=\"elementor-container elementor-column-gap-wide\">\n\t\t\t\t\t<div class=\"elementor-column elementor-col-50 elementor-inner-column elementor-element elementor-element-f162f0d\" data-id=\"f162f0d\" data-element_type=\"column\">\n\t\t\t<div class=\"elementor-widget-wrap elementor-element-populated\">\n\t\t\t\t\t\t\t\t<div class=\"elementor-element elementor-element-67069af animated-slow elementor-invisible elementor-widget elementor-widget-text-editor\" data-id=\"67069af\" data-element_type=\"widget\" data-settings=\"{&quot;_animation&quot;:&quot;fadeIn&quot;}\" data-widget_type=\"text-editor.default\">\n\t\t\t\t<div class=\"elementor-widget-container\">\n\t\t\t\t\t\t\t\t<p>Il est formellement d\u00e9conseill\u00e9 d\u2019absorber des m\u00e9dicaments contenant de l\u2019aspirine dans les 10 jours pr\u00e9c\u00e9dents l\u2019acte chirurgical. Vous ne devez utiliser ni maquillage ni vernis \u00e0 ongle de fa\u00e7on \u00e0 ne pas g\u00eaner la surveillance de la coloration de votre peau pendant l\u2019anesth\u00e9sie. Les bijoux, piercing, verres de contact et proth\u00e8ses dentaires\/oculaires\/auditives doivent \u00eatre retir\u00e9es avant le d\u00e9part au bloc op\u00e9ratoire.<\/p><p>Vous pouvez prendre vos m\u00e9dicaments habituels au moment prescrit avec une gorg\u00e9e d\u2019eau, sauf contre indication par le m\u00e9decin anesth\u00e9siste. Le sevrage du tabac est indiqu\u00e9 dans les 15 jours qui pr\u00e9c\u00e8dent toute intervention, en raison d\u2019un\u00a0<\/p>\t\t\t\t\t\t<\/div>\n\t\t\t\t<\/div>\n\t\t\t\t\t<\/div>\n\t\t<\/div>\n\t\t\t\t<div class=\"elementor-column elementor-col-50 elementor-inner-column elementor-element elementor-element-ef86f62\" data-id=\"ef86f62\" data-element_type=\"column\">\n\t\t\t<div class=\"elementor-widget-wrap elementor-element-populated\">\n\t\t\t\t\t\t\t\t<div class=\"elementor-element elementor-element-d8b5aee animated-slow elementor-invisible elementor-widget elementor-widget-text-editor\" data-id=\"d8b5aee\" data-element_type=\"widget\" data-settings=\"{&quot;_animation&quot;:&quot;fadeIn&quot;}\" data-widget_type=\"text-editor.default\">\n\t\t\t\t<div class=\"elementor-widget-container\">\n\t\t\t\t\t\t\t\t<p>risque accru de complications chirurgicales chez les fumeurs (notamment retard ou difficult\u00e9 de cicatrisation). La prise de granules hom\u00e9opathiques d\u2019arnica peut r\u00e9duire le traumatisme chirurgical (cela r\u00e9duirait les h\u00e9matomes) la prise d\u2019Arnica Montana sous forme de dose globule en 9 Ch par jour durant les 3 jours qui pr\u00e9c\u00e8dent l\u2019intervention est conseill\u00e9e. Le traitement doit se poursuivre par la prise de 5 granules en 9 Ch toutes les 8 heures pendant la premi\u00e8re journ\u00e9e suivant l\u2019intervention.<\/p><p>Vous ne devez pas consommer d&#8217;alcool ou fumer pendant les 12 heures pr\u00e9c\u00e9dant l\u2019anesth\u00e9sie.<\/p>\t\t\t\t\t\t<\/div>\n\t\t\t\t<\/div>\n\t\t\t\t\t<\/div>\n\t\t<\/div>\n\t\t\t\t\t\t\t<\/div>\n\t\t<\/section>\n\t\t\t\t<div class=\"elementor-element elementor-element-fc51c05 animated-slow elementor-invisible elementor-widget elementor-widget-heading\" data-id=\"fc51c05\" data-element_type=\"widget\" data-settings=\"{&quot;_animation&quot;:&quot;fadeIn&quot;}\" data-widget_type=\"heading.default\">\n\t\t\t\t<div class=\"elementor-widget-container\">\n\t\t\t<h3 class=\"elementor-heading-title elementor-size-default\">Quelques conseils apr\u00e8s l'op\u00e9ration<\/h3>\t\t<\/div>\n\t\t\t\t<\/div>\n\t\t\t\t<section class=\"elementor-section elementor-inner-section elementor-element elementor-element-599b609 elementor-section-boxed elementor-section-height-default elementor-section-height-default\" data-id=\"599b609\" data-element_type=\"section\">\n\t\t\t\t\t\t<div class=\"elementor-container elementor-column-gap-wide\">\n\t\t\t\t\t<div class=\"elementor-column elementor-col-50 elementor-inner-column elementor-element elementor-element-aa0db85\" data-id=\"aa0db85\" data-element_type=\"column\">\n\t\t\t<div class=\"elementor-widget-wrap elementor-element-populated\">\n\t\t\t\t\t\t\t\t<div class=\"elementor-element elementor-element-410e186 animated-slow elementor-invisible elementor-widget elementor-widget-text-editor\" data-id=\"410e186\" data-element_type=\"widget\" data-settings=\"{&quot;_animation&quot;:&quot;fadeIn&quot;}\" data-widget_type=\"text-editor.default\">\n\t\t\t\t<div class=\"elementor-widget-container\">\n\t\t\t\t\t\t\t\t<p><strong>Antalgiques<\/strong><\/p><p>Apr\u00e8s toute intervention des douleurs se font sentir. La prise en charge de la douleur commence par du parac\u00e9tamol 1gr toutes les 6 \u00e0 8 heures ou parac\u00e9tamol avec cod\u00e9ine pour des douleurs plus intenses. Les anti-inflammatoires peuvent \u00eatre utiles (type Profenid).On ne se pr\u00e9occupe d\u2019une douleur post op\u00e9ratoire que si elle r\u00e9siste \u00e0 ce traitement de base. N\u2019h\u00e9sitez pas \u00e0 demander un compl\u00e9ment de traitement contre la douleur.<\/p><p><strong>Bas de contention<\/strong><\/p><p>Ils sont prescrits pour pr\u00e9venir les risques de phl\u00e9bites associ\u00e9s \u00e0 certaines interventions ou chez certaines personnes \u00e0 risque. On peut parfois associer des piq\u00fbres d\u2019anticoagulant pendant le s\u00e9jour et apr\u00e8s la sortie. Le port des bas est n\u00e9cessaire d\u00e8s le passage au bloc op\u00e9ratoire et pendant la dur\u00e9e du risque de phl\u00e9bite (au minimum le temps de l\u2019alitement, parfois pendant 1 \u00e0 2 mois chez les patientes \u00e0 haut risque de phl\u00e9bite).<\/p><p><strong>Bain<\/strong><\/p><p>Apr\u00e8s toute chirurgie les bains sont \u00e0 \u00e9viter pendant 2 semaines pour la chirurgie sans cicatrice, et un mois en cas de cicatrice. Les rapports sexuels apr\u00e8s la chirurgie faite par voie vaginale sont \u00e0 \u00e9viter pendant 2 semaines pour la chirurgie sans cicatrice, et un mois en cas de cicatrice (hyst\u00e9rectomie par voie vaginale).<\/p>\t\t\t\t\t\t<\/div>\n\t\t\t\t<\/div>\n\t\t\t\t\t<\/div>\n\t\t<\/div>\n\t\t\t\t<div class=\"elementor-column elementor-col-50 elementor-inner-column elementor-element elementor-element-4059bd6\" data-id=\"4059bd6\" data-element_type=\"column\">\n\t\t\t<div class=\"elementor-widget-wrap elementor-element-populated\">\n\t\t\t\t\t\t\t\t<div class=\"elementor-element elementor-element-c8e1f97 animated-slow elementor-invisible elementor-widget elementor-widget-text-editor\" data-id=\"c8e1f97\" data-element_type=\"widget\" data-settings=\"{&quot;_animation&quot;:&quot;fadeIn&quot;}\" data-widget_type=\"text-editor.default\">\n\t\t\t\t<div class=\"elementor-widget-container\">\n\t\t\t\t\t\t\t\t<p><strong>Convalescence<\/strong><\/p><p>C\u2019est un temps de repos apr\u00e8s une intervention. Pour les salari\u00e9s, la dur\u00e9e de la convalescence correspond \u00e0 la dur\u00e9e de l\u2019arr\u00eat de travail. Pour les autres, les m\u00e8res de famille, les retrait\u00e9es, les travailleurs non salari\u00e9s&#8230; Une p\u00e9riode de repos post op\u00e9ratoire peut \u00eatre vraiment n\u00e9cessaire ; elle vous sera alors prescrite par votre chirurgien.<\/p>\t\t\t\t\t\t<\/div>\n\t\t\t\t<\/div>\n\t\t\t\t<div class=\"elementor-element elementor-element-1f780c1 animated-slow elementor-invisible elementor-widget elementor-widget-text-editor\" data-id=\"1f780c1\" data-element_type=\"widget\" data-settings=\"{&quot;_animation&quot;:&quot;fadeIn&quot;}\" data-widget_type=\"text-editor.default\">\n\t\t\t\t<div class=\"elementor-widget-container\">\n\t\t\t\t\t\t\t\t<p>\u00a0<\/p><p>En cas de probl\u00e8me post op\u00e9ratoire, nous vous remercions de pr\u00e9venir le secr\u00e9tariat, votre chirurgien en sera avis\u00e9 (01 39 50 58 05). Sinon le service d\u2019urgences de la Clinique est \u00e0 votre disposition jour et nuit (01 30 97 33 18). Votre chirurgien est le mieux plac\u00e9 pour prendre en charge les suites de votre intervention.<\/p>\t\t\t\t\t\t<\/div>\n\t\t\t\t<\/div>\n\t\t\t\t\t<\/div>\n\t\t<\/div>\n\t\t\t\t\t\t\t<\/div>\n\t\t<\/section>\n\t\t\t\t\t<\/div>\n\t\t<\/div>\n\t\t\t\t\t\t\t<\/div>\n\t\t<\/section>\n\t\t\t\t\t\t<\/div>\n\t\t\t\t\t<\/div>\n\t\t","protected":false},"excerpt":{"rendered":"<p>Chirurgie gyn\u00e9cologique \u00a0 Quelques conseils avant l&#8217;op\u00e9ration Il est formellement d\u00e9conseill\u00e9 d\u2019absorber des m\u00e9dicaments contenant de l\u2019aspirine dans les 10 jours pr\u00e9c\u00e9dents l\u2019acte chirurgical. Vous ne devez utiliser ni maquillage ni vernis \u00e0 ongle de fa\u00e7on \u00e0 ne pas g\u00eaner la surveillance de la coloration de votre peau pendant l\u2019anesth\u00e9sie. Les bijoux, piercing, verres de&hellip;&nbsp;<a href=\"https:\/\/drbenedictesimon.com\/index.php\/informations-avant-chirurgie\/\" class=\"\" rel=\"bookmark\">Lire la suite &raquo;<span class=\"screen-reader-text\">Informations avant chirurgie<\/span><\/a><\/p>\n","protected":false},"author":1,"featured_media":0,"parent":0,"menu_order":0,"comment_status":"closed","ping_status":"closed","template":"page-templates\/template-pagebuilder-full-width.php","meta":{"neve_meta_sidebar":"","neve_meta_container":"","neve_meta_enable_content_width":"","neve_meta_content_width":0,"neve_meta_title_alignment":"","neve_meta_author_avatar":"","neve_post_elements_order":"","neve_meta_disable_header":"","neve_meta_disable_footer":"","neve_meta_disable_title":""},"yoast_head":"<!-- This site is optimized with the Yoast SEO plugin v16.7 - https:\/\/yoast.com\/wordpress\/plugins\/seo\/ -->\n<title>Informations avant chirurgie - Dr B\u00e9n\u00e9dicte SIMON<\/title>\n<meta name=\"robots\" content=\"index, follow, max-snippet:-1, max-image-preview:large, max-video-preview:-1\" \/>\n<link rel=\"canonical\" href=\"https:\/\/drbenedictesimon.com\/index.php\/informations-avant-chirurgie\/\" \/>\n<meta property=\"og:locale\" content=\"fr_FR\" \/>\n<meta property=\"og:type\" content=\"article\" \/>\n<meta property=\"og:title\" content=\"Informations avant chirurgie - Dr B\u00e9n\u00e9dicte SIMON\" \/>\n<meta property=\"og:description\" content=\"Chirurgie gyn\u00e9cologique \u00a0 Quelques conseils avant l&#8217;op\u00e9ration Il est formellement d\u00e9conseill\u00e9 d\u2019absorber des m\u00e9dicaments contenant de l\u2019aspirine dans les 10 jours pr\u00e9c\u00e9dents l\u2019acte chirurgical. Vous ne devez utiliser ni maquillage ni vernis \u00e0 ongle de fa\u00e7on \u00e0 ne pas g\u00eaner la surveillance de la coloration de votre peau pendant l\u2019anesth\u00e9sie. Les bijoux, piercing, verres de&hellip;&nbsp;Lire la suite &raquo;Informations avant chirurgie\" \/>\n<meta property=\"og:url\" content=\"https:\/\/drbenedictesimon.com\/index.php\/informations-avant-chirurgie\/\" \/>\n<meta property=\"og:site_name\" content=\"Dr B\u00e9n\u00e9dicte SIMON\" \/>\n<meta property=\"article:modified_time\" content=\"2021-07-05T09:29:43+00:00\" \/>\n<meta name=\"twitter:card\" content=\"summary_large_image\" \/>\n<meta name=\"twitter:label1\" content=\"Dur\u00e9e de lecture est.\" \/>\n\t<meta name=\"twitter:data1\" content=\"3 minutes\" \/>\n<script type=\"application\/ld+json\" class=\"yoast-schema-graph\">{\"@context\":\"https:\/\/schema.org\",\"@graph\":[{\"@type\":\"WebSite\",\"@id\":\"https:\/\/drbenedictesimon.com\/#website\",\"url\":\"https:\/\/drbenedictesimon.com\/\",\"name\":\"Dr B\\u00e9n\\u00e9dicte SIMON\",\"description\":\"Pour une naissance sereine\",\"potentialAction\":[{\"@type\":\"SearchAction\",\"target\":{\"@type\":\"EntryPoint\",\"urlTemplate\":\"https:\/\/drbenedictesimon.com\/?s={search_term_string}\"},\"query-input\":\"required name=search_term_string\"}],\"inLanguage\":\"fr-FR\"},{\"@type\":\"WebPage\",\"@id\":\"https:\/\/drbenedictesimon.com\/index.php\/informations-avant-chirurgie\/#webpage\",\"url\":\"https:\/\/drbenedictesimon.com\/index.php\/informations-avant-chirurgie\/\",\"name\":\"Informations avant chirurgie - Dr B\\u00e9n\\u00e9dicte SIMON\",\"isPartOf\":{\"@id\":\"https:\/\/drbenedictesimon.com\/#website\"},\"datePublished\":\"2021-06-03T15:27:14+00:00\",\"dateModified\":\"2021-07-05T09:29:43+00:00\",\"breadcrumb\":{\"@id\":\"https:\/\/drbenedictesimon.com\/index.php\/informations-avant-chirurgie\/#breadcrumb\"},\"inLanguage\":\"fr-FR\",\"potentialAction\":[{\"@type\":\"ReadAction\",\"target\":[\"https:\/\/drbenedictesimon.com\/index.php\/informations-avant-chirurgie\/\"]}]},{\"@type\":\"BreadcrumbList\",\"@id\":\"https:\/\/drbenedictesimon.com\/index.php\/informations-avant-chirurgie\/#breadcrumb\",\"itemListElement\":[{\"@type\":\"ListItem\",\"position\":1,\"name\":\"Accueil\",\"item\":\"https:\/\/drbenedictesimon.com\/\"},{\"@type\":\"ListItem\",\"position\":2,\"name\":\"Informations avant chirurgie\"}]}]}<\/script>\n<!-- \/ Yoast SEO plugin. -->","yoast_head_json":{"title":"Informations avant chirurgie - Dr B\u00e9n\u00e9dicte SIMON","robots":{"index":"index","follow":"follow","max-snippet":"max-snippet:-1","max-image-preview":"max-image-preview:large","max-video-preview":"max-video-preview:-1"},"canonical":"https:\/\/drbenedictesimon.com\/index.php\/informations-avant-chirurgie\/","og_locale":"fr_FR","og_type":"article","og_title":"Informations avant chirurgie - Dr B\u00e9n\u00e9dicte SIMON","og_description":"Chirurgie gyn\u00e9cologique \u00a0 Quelques conseils avant l&#8217;op\u00e9ration Il est formellement d\u00e9conseill\u00e9 d\u2019absorber des m\u00e9dicaments contenant de l\u2019aspirine dans les 10 jours pr\u00e9c\u00e9dents l\u2019acte chirurgical. Vous ne devez utiliser ni maquillage ni vernis \u00e0 ongle de fa\u00e7on \u00e0 ne pas g\u00eaner la surveillance de la coloration de votre peau pendant l\u2019anesth\u00e9sie. Les bijoux, piercing, verres de&hellip;&nbsp;Lire la suite &raquo;Informations avant chirurgie","og_url":"https:\/\/drbenedictesimon.com\/index.php\/informations-avant-chirurgie\/","og_site_name":"Dr B\u00e9n\u00e9dicte SIMON","article_modified_time":"2021-07-05T09:29:43+00:00","twitter_card":"summary_large_image","twitter_misc":{"Dur\u00e9e de lecture est.":"3 minutes"},"schema":{"@context":"https:\/\/schema.org","@graph":[{"@type":"WebSite","@id":"https:\/\/drbenedictesimon.com\/#website","url":"https:\/\/drbenedictesimon.com\/","name":"Dr B\u00e9n\u00e9dicte SIMON","description":"Pour une naissance sereine","potentialAction":[{"@type":"SearchAction","target":{"@type":"EntryPoint","urlTemplate":"https:\/\/drbenedictesimon.com\/?s={search_term_string}"},"query-input":"required name=search_term_string"}],"inLanguage":"fr-FR"},{"@type":"WebPage","@id":"https:\/\/drbenedictesimon.com\/index.php\/informations-avant-chirurgie\/#webpage","url":"https:\/\/drbenedictesimon.com\/index.php\/informations-avant-chirurgie\/","name":"Informations avant chirurgie - Dr B\u00e9n\u00e9dicte SIMON","isPartOf":{"@id":"https:\/\/drbenedictesimon.com\/#website"},"datePublished":"2021-06-03T15:27:14+00:00","dateModified":"2021-07-05T09:29:43+00:00","breadcrumb":{"@id":"https:\/\/drbenedictesimon.com\/index.php\/informations-avant-chirurgie\/#breadcrumb"},"inLanguage":"fr-FR","potentialAction":[{"@type":"ReadAction","target":["https:\/\/drbenedictesimon.com\/index.php\/informations-avant-chirurgie\/"]}]},{"@type":"BreadcrumbList","@id":"https:\/\/drbenedictesimon.com\/index.php\/informations-avant-chirurgie\/#breadcrumb","itemListElement":[{"@type":"ListItem","position":1,"name":"Accueil","item":"https:\/\/drbenedictesimon.com\/"},{"@type":"ListItem","position":2,"name":"Informations avant chirurgie"}]}]}},"uagb_featured_image_src":{"full":false,"thumbnail":false,"medium":false,"medium_large":false,"large":false,"1536x1536":false,"2048x2048":false,"neve-blog":false},"uagb_author_info":{"display_name":"admin2044","author_link":"https:\/\/drbenedictesimon.com\/index.php\/author\/admin2044\/"},"uagb_comment_info":0,"uagb_excerpt":"Chirurgie gyn\u00e9cologique \u00a0 Quelques conseils avant l&#8217;op\u00e9ration Il est formellement d\u00e9conseill\u00e9 d\u2019absorber des m\u00e9dicaments contenant de l\u2019aspirine dans les 10 jours pr\u00e9c\u00e9dents l\u2019acte chirurgical. Vous ne devez utiliser ni maquillage ni vernis \u00e0 ongle de fa\u00e7on \u00e0 ne pas g\u00eaner la surveillance de la coloration de votre peau pendant l\u2019anesth\u00e9sie. Les bijoux, piercing, verres de&hellip;&nbsp;Lire\u2026","_links":{"self":[{"href":"https:\/\/drbenedictesimon.com\/index.php\/wp-json\/wp\/v2\/pages\/79"}],"collection":[{"href":"https:\/\/drbenedictesimon.com\/index.php\/wp-json\/wp\/v2\/pages"}],"about":[{"href":"https:\/\/drbenedictesimon.com\/index.php\/wp-json\/wp\/v2\/types\/page"}],"author":[{"embeddable":true,"href":"https:\/\/drbenedictesimon.com\/index.php\/wp-json\/wp\/v2\/users\/1"}],"replies":[{"embeddable":true,"href":"https:\/\/drbenedictesimon.com\/index.php\/wp-json\/wp\/v2\/comments?post=79"}],"version-history":[{"count":76,"href":"https:\/\/drbenedictesimon.com\/index.php\/wp-json\/wp\/v2\/pages\/79\/revisions"}],"predecessor-version":[{"id":1953,"href":"https:\/\/drbenedictesimon.com\/index.php\/wp-json\/wp\/v2\/pages\/79\/revisions\/1953"}],"wp:attachment":[{"href":"https:\/\/drbenedictesimon.com\/index.php\/wp-json\/wp\/v2\/media?parent=79"}],"curies":[{"name":"wp","href":"https:\/\/api.w.org\/{rel}","templated":true}]}}