{"id":61,"date":"2021-06-03T17:24:45","date_gmt":"2021-06-03T15:24:45","guid":{"rendered":"http:\/\/drbenedictesimon.com\/?page_id=61"},"modified":"2022-01-13T10:56:09","modified_gmt":"2022-01-13T09:56:09","slug":"rdv","status":"publish","type":"page","link":"https:\/\/drbenedictesimon.com\/index.php\/rdv\/","title":{"rendered":"RDV"},"content":{"rendered":"\t\t<div data-elementor-type=\"wp-page\" data-elementor-id=\"61\" class=\"elementor elementor-61\" data-elementor-settings=\"[]\">\n\t\t\t\t\t\t\t<div class=\"elementor-section-wrap\">\n\t\t\t\t\t\t\t<section class=\"elementor-section elementor-top-section elementor-element elementor-element-da5e454 elementor-section-boxed elementor-section-height-default elementor-section-height-default\" data-id=\"da5e454\" data-element_type=\"section\">\n\t\t\t\t\t\t<div class=\"elementor-container elementor-column-gap-default\">\n\t\t\t\t\t<div class=\"elementor-column elementor-col-100 elementor-top-column elementor-element elementor-element-b4f2949\" data-id=\"b4f2949\" data-element_type=\"column\">\n\t\t\t<div class=\"elementor-widget-wrap elementor-element-populated\">\n\t\t\t\t\t\t\t\t<div class=\"elementor-element elementor-element-4b98964 elementor-widget elementor-widget-heading\" data-id=\"4b98964\" data-element_type=\"widget\" data-widget_type=\"heading.default\">\n\t\t\t\t<div class=\"elementor-widget-container\">\n\t\t\t<h1 class=\"elementor-heading-title elementor-size-default\">Consultations<\/h1>\t\t<\/div>\n\t\t\t\t<\/div>\n\t\t\t\t\t<\/div>\n\t\t<\/div>\n\t\t\t\t\t\t\t<\/div>\n\t\t<\/section>\n\t\t\t\t<section class=\"elementor-section elementor-top-section elementor-element elementor-element-d6ec4b3 elementor-section-boxed elementor-section-height-default elementor-section-height-default\" data-id=\"d6ec4b3\" data-element_type=\"section\">\n\t\t\t\t\t\t<div class=\"elementor-container elementor-column-gap-default\">\n\t\t\t\t\t<div class=\"elementor-column elementor-col-100 elementor-top-column elementor-element elementor-element-f568cb3\" data-id=\"f568cb3\" data-element_type=\"column\">\n\t\t\t<div class=\"elementor-widget-wrap elementor-element-populated\">\n\t\t\t\t\t\t\t\t<div class=\"elementor-element elementor-element-03674c4 elementor-widget elementor-widget-text-editor\" data-id=\"03674c4\" data-element_type=\"widget\" data-widget_type=\"text-editor.default\">\n\t\t\t\t<div class=\"elementor-widget-container\">\n\t\t\t\t\t\t\t\t<hr \/>\n<p>\u00a0<\/p>\t\t\t\t\t\t<\/div>\n\t\t\t\t<\/div>\n\t\t\t\t\t<\/div>\n\t\t<\/div>\n\t\t\t\t\t\t\t<\/div>\n\t\t<\/section>\n\t\t\t\t<section class=\"elementor-section elementor-top-section elementor-element elementor-element-67d6537 elementor-section-full_width elementor-section-height-default elementor-section-height-default\" data-id=\"67d6537\" data-element_type=\"section\">\n\t\t\t\t\t\t<div class=\"elementor-container elementor-column-gap-default\">\n\t\t\t\t\t<div class=\"elementor-column elementor-col-50 elementor-top-column elementor-element elementor-element-8bd9a18\" data-id=\"8bd9a18\" data-element_type=\"column\">\n\t\t\t<div class=\"elementor-widget-wrap elementor-element-populated\">\n\t\t\t\t\t\t\t\t<div class=\"elementor-element elementor-element-fb7fb62 elementor-widget elementor-widget-image\" data-id=\"fb7fb62\" data-element_type=\"widget\" data-widget_type=\"image.default\">\n\t\t\t\t<div class=\"elementor-widget-container\">\n\t\t\t\t\t\t\t\t\t\t\t\t\t\t\t<img width=\"1024\" height=\"682\" src=\"https:\/\/drbenedictesimon.com\/wp-content\/uploads\/2021\/06\/WhatsApp-Image-2021-06-08-at-10.19.01-1024x682.jpeg\" class=\"attachment-large size-large\" alt=\"Place de Versailles\" loading=\"lazy\" srcset=\"https:\/\/drbenedictesimon.com\/wp-content\/uploads\/2021\/06\/WhatsApp-Image-2021-06-08-at-10.19.01-1024x682.jpeg 1024w, https:\/\/drbenedictesimon.com\/wp-content\/uploads\/2021\/06\/WhatsApp-Image-2021-06-08-at-10.19.01-300x200.jpeg 300w, https:\/\/drbenedictesimon.com\/wp-content\/uploads\/2021\/06\/WhatsApp-Image-2021-06-08-at-10.19.01-768x512.jpeg 768w, https:\/\/drbenedictesimon.com\/wp-content\/uploads\/2021\/06\/WhatsApp-Image-2021-06-08-at-10.19.01-930x620.jpeg 930w, https:\/\/drbenedictesimon.com\/wp-content\/uploads\/2021\/06\/WhatsApp-Image-2021-06-08-at-10.19.01.jpeg 1280w\" sizes=\"(max-width: 1024px) 100vw, 1024px\" \/>\t\t\t\t\t\t\t\t\t\t\t\t\t\t\t<\/div>\n\t\t\t\t<\/div>\n\t\t\t\t\t<\/div>\n\t\t<\/div>\n\t\t\t\t<div class=\"elementor-column elementor-col-50 elementor-top-column elementor-element elementor-element-e1f328c\" data-id=\"e1f328c\" data-element_type=\"column\">\n\t\t\t<div class=\"elementor-widget-wrap elementor-element-populated\">\n\t\t\t\t\t\t\t\t<div class=\"elementor-element elementor-element-091159f elementor-widget elementor-widget-text-editor\" data-id=\"091159f\" data-element_type=\"widget\" data-widget_type=\"text-editor.default\">\n\t\t\t\t<div class=\"elementor-widget-container\">\n\t\t\t\t\t\t\t\t<p style=\"text-align: center;\">Les rendez-vous se prennent sur Doctolib.fr<\/p>\t\t\t\t\t\t<\/div>\n\t\t\t\t<\/div>\n\t\t\t\t<div class=\"elementor-element elementor-element-cbee1ad elementor-align-center elementor-widget elementor-widget-button\" data-id=\"cbee1ad\" data-element_type=\"widget\" data-widget_type=\"button.default\">\n\t\t\t\t<div class=\"elementor-widget-container\">\n\t\t\t\t\t<div class=\"elementor-button-wrapper\">\n\t\t\t<a href=\"https:\/\/www.doctolib.fr\/gynecologue-obstetricien\/versailles\/benedicte-simon-versailles\" target=\"_blank\" class=\"elementor-button-link elementor-button elementor-size-md elementor-animation-grow\" role=\"button\">\n\t\t\t\t\t\t<span class=\"elementor-button-content-wrapper\">\n\t\t\t\t\t\t<span class=\"elementor-button-text\">Prendre RDV<\/span>\n\t\t<\/span>\n\t\t\t\t\t<\/a>\n\t\t<\/div>\n\t\t\t\t<\/div>\n\t\t\t\t<\/div>\n\t\t\t\t<div class=\"elementor-element elementor-element-cdf00b7 elementor-widget elementor-widget-text-editor\" data-id=\"cdf00b7\" data-element_type=\"widget\" data-widget_type=\"text-editor.default\">\n\t\t\t\t<div class=\"elementor-widget-container\">\n\t\t\t\t\t\t\t\t<p style=\"text-align: center;\">Vous pouvez aussi contacter directement le secr\u00e9tariat<\/p><p style=\"text-align: center;\"><strong>T\u00e9l\u00e9phone :<\/strong>\u00a001 39 50 58 05<\/p><p style=\"text-align: center;\"><strong>Email :\u00a0<\/strong>assistantedrsimon@outlook.fr<\/p><p style=\"text-align: center;\"><strong>Adresse :<\/strong> 76 Av. de Paris, 78000 Versailles<\/p>\t\t\t\t\t\t<\/div>\n\t\t\t\t<\/div>\n\t\t\t\t<div class=\"elementor-element elementor-element-990fa06 elementor-widget elementor-widget-text-editor\" data-id=\"990fa06\" data-element_type=\"widget\" data-widget_type=\"text-editor.default\">\n\t\t\t\t<div class=\"elementor-widget-container\">\n\t\t\t\t\t\t\t\t<p><em>Nous \u00e9talons les rendez-vous non urgents afin de d\u00e9gager des cr\u00e9neaux pour certaines circonstances (grossesse, chirurgie, demande d\u2019avis formul\u00e9e par un confr\u00e8re, frottis ou mammographie anormaux&#8230;).<\/em><\/p><p><strong>En cas d&#8217;annulation, nous vous remercions de bien vouloir nous pr\u00e9venir \u00e0\u00a0l&#8217;avance, y compris le jour m\u00eame.\u00a0L&#8217;activit\u00e9 d&#8217;accouchement peut engendrer des perturbations dans les horaires et les consultations. Nous nous arrangeons au mieux pour vous pr\u00e9venir \u00e0\u00a0l&#8217;avance et vous proposer des alternatives.<\/strong><\/p>\t\t\t\t\t\t<\/div>\n\t\t\t\t<\/div>\n\t\t\t\t\t<\/div>\n\t\t<\/div>\n\t\t\t\t\t\t\t<\/div>\n\t\t<\/section>\n\t\t\t\t<section class=\"elementor-section elementor-top-section elementor-element elementor-element-a4c1d29 elementor-section-full_width elementor-section-stretched elementor-section-height-default elementor-section-height-default\" data-id=\"a4c1d29\" data-element_type=\"section\" data-settings=\"{&quot;stretch_section&quot;:&quot;section-stretched&quot;}\">\n\t\t\t\t\t\t\t<div class=\"elementor-background-overlay\"><\/div>\n\t\t\t\t\t\t\t<div class=\"elementor-container elementor-column-gap-wider\">\n\t\t\t\t\t<div class=\"elementor-column elementor-col-33 elementor-top-column elementor-element elementor-element-d037bb8\" data-id=\"d037bb8\" data-element_type=\"column\">\n\t\t\t<div class=\"elementor-widget-wrap elementor-element-populated\">\n\t\t\t\t\t\t\t\t<div class=\"elementor-element elementor-element-00f06dc elementor-widget elementor-widget-google_maps\" data-id=\"00f06dc\" data-element_type=\"widget\" data-widget_type=\"google_maps.default\">\n\t\t\t\t<div class=\"elementor-widget-container\">\n\t\t\t<div class=\"elementor-custom-embed\"><iframe frameborder=\"0\" scrolling=\"no\" marginheight=\"0\" marginwidth=\"0\" src=\"https:\/\/maps.google.com\/maps?q=76%20avenue%20de%20Paris%2C%2078000%20versailles&amp;t=m&amp;z=12&amp;output=embed&amp;iwloc=near\" title=\"76 avenue de Paris, 78000 versailles\" aria-label=\"76 avenue de Paris, 78000 versailles\"><\/iframe><\/div>\t\t<\/div>\n\t\t\t\t<\/div>\n\t\t\t\t\t<\/div>\n\t\t<\/div>\n\t\t\t\t<div class=\"elementor-column elementor-col-33 elementor-top-column elementor-element elementor-element-47c57b2\" data-id=\"47c57b2\" data-element_type=\"column\">\n\t\t\t<div class=\"elementor-widget-wrap elementor-element-populated\">\n\t\t\t\t\t\t\t\t<div class=\"elementor-element elementor-element-d168751 elementor-view-default elementor-widget elementor-widget-icon\" data-id=\"d168751\" data-element_type=\"widget\" data-widget_type=\"icon.default\">\n\t\t\t\t<div class=\"elementor-widget-container\">\n\t\t\t\t\t<div class=\"elementor-icon-wrapper\">\n\t\t\t<a class=\"elementor-icon\" href=\"https:\/\/fr.linkedin.com\/in\/b\u00e9n\u00e9dicte-simon-03642860\">\n\t\t\t<i aria-hidden=\"true\" class=\"fab fa-linkedin\"><\/i>\t\t\t<\/a>\n\t\t<\/div>\n\t\t\t\t<\/div>\n\t\t\t\t<\/div>\n\t\t\t\t<div class=\"elementor-element elementor-element-b54329a elementor-view-default elementor-widget elementor-widget-icon\" data-id=\"b54329a\" data-element_type=\"widget\" data-widget_type=\"icon.default\">\n\t\t\t\t<div class=\"elementor-widget-container\">\n\t\t\t\t\t<div class=\"elementor-icon-wrapper\">\n\t\t\t<a class=\"elementor-icon\" href=\"https:\/\/www.youtube.com\/channel\/UCqL7VuaQxHGZr456MayB1jA\">\n\t\t\t<i aria-hidden=\"true\" class=\"fab fa-youtube\"><\/i>\t\t\t<\/a>\n\t\t<\/div>\n\t\t\t\t<\/div>\n\t\t\t\t<\/div>\n\t\t\t\t<div class=\"elementor-element elementor-element-c4eaf8f elementor-view-default elementor-widget elementor-widget-icon\" data-id=\"c4eaf8f\" data-element_type=\"widget\" data-widget_type=\"icon.default\">\n\t\t\t\t<div class=\"elementor-widget-container\">\n\t\t\t\t\t<div class=\"elementor-icon-wrapper\">\n\t\t\t<a class=\"elementor-icon\" href=\"https:\/\/www.instagram.com\/docteurbenedictesimon\/\">\n\t\t\t<i aria-hidden=\"true\" class=\"fab fa-instagram\"><\/i>\t\t\t<\/a>\n\t\t<\/div>\n\t\t\t\t<\/div>\n\t\t\t\t<\/div>\n\t\t\t\t\t<\/div>\n\t\t<\/div>\n\t\t\t\t<div class=\"elementor-column elementor-col-33 elementor-top-column elementor-element elementor-element-ac50fe8\" data-id=\"ac50fe8\" data-element_type=\"column\">\n\t\t\t<div class=\"elementor-widget-wrap elementor-element-populated\">\n\t\t\t\t\t\t\t\t<div class=\"elementor-element elementor-element-c3112e8 elementor-widget elementor-widget-image\" data-id=\"c3112e8\" data-element_type=\"widget\" data-widget_type=\"image.default\">\n\t\t\t\t<div class=\"elementor-widget-container\">\n\t\t\t\t\t\t\t\t\t\t\t\t\t\t\t<img width=\"1024\" height=\"1024\" src=\"https:\/\/drbenedictesimon.com\/wp-content\/uploads\/2021\/06\/Logo-circulaire.png\" class=\"attachment-2048x2048 size-2048x2048\" alt=\"Dr.SIMON, logo, bleu, blanc, rose\" loading=\"lazy\" srcset=\"https:\/\/drbenedictesimon.com\/wp-content\/uploads\/2021\/06\/Logo-circulaire.png 1024w, https:\/\/drbenedictesimon.com\/wp-content\/uploads\/2021\/06\/Logo-circulaire-300x300.png 300w, https:\/\/drbenedictesimon.com\/wp-content\/uploads\/2021\/06\/Logo-circulaire-150x150.png 150w, https:\/\/drbenedictesimon.com\/wp-content\/uploads\/2021\/06\/Logo-circulaire-768x768.png 768w\" sizes=\"(max-width: 1024px) 100vw, 1024px\" \/>\t\t\t\t\t\t\t\t\t\t\t\t\t\t\t<\/div>\n\t\t\t\t<\/div>\n\t\t\t\t\t<\/div>\n\t\t<\/div>\n\t\t\t\t\t\t\t<\/div>\n\t\t<\/section>\n\t\t\t\t\t\t<\/div>\n\t\t\t\t\t<\/div>\n\t\t","protected":false},"excerpt":{"rendered":"<p>Consultations \u00a0 Les rendez-vous se prennent sur Doctolib.fr Prendre RDV Vous pouvez aussi contacter directement le secr\u00e9tariat T\u00e9l\u00e9phone :\u00a001 39 50 58 05 Email :\u00a0assistantedrsimon@outlook.fr Adresse : 76 Av. de Paris, 78000 Versailles Nous \u00e9talons les rendez-vous non urgents afin de d\u00e9gager des cr\u00e9neaux pour certaines circonstances (grossesse, chirurgie, demande d\u2019avis formul\u00e9e par un confr\u00e8re,&hellip;&nbsp;<a href=\"https:\/\/drbenedictesimon.com\/index.php\/rdv\/\" class=\"\" rel=\"bookmark\">Lire la suite &raquo;<span class=\"screen-reader-text\">RDV<\/span><\/a><\/p>\n","protected":false},"author":1,"featured_media":0,"parent":0,"menu_order":0,"comment_status":"closed","ping_status":"closed","template":"page-templates\/template-pagebuilder-full-width.php","meta":{"neve_meta_sidebar":"","neve_meta_container":"","neve_meta_enable_content_width":"","neve_meta_content_width":0,"neve_meta_title_alignment":"","neve_meta_author_avatar":"","neve_post_elements_order":"","neve_meta_disable_header":"","neve_meta_disable_footer":"","neve_meta_disable_title":""},"yoast_head":"<!-- This site is optimized with the Yoast SEO plugin v16.7 - https:\/\/yoast.com\/wordpress\/plugins\/seo\/ -->\n<title>RDV - Dr B\u00e9n\u00e9dicte SIMON<\/title>\n<meta name=\"robots\" content=\"index, follow, max-snippet:-1, max-image-preview:large, max-video-preview:-1\" \/>\n<link rel=\"canonical\" href=\"https:\/\/drbenedictesimon.com\/index.php\/rdv\/\" \/>\n<meta property=\"og:locale\" content=\"fr_FR\" \/>\n<meta property=\"og:type\" content=\"article\" \/>\n<meta property=\"og:title\" content=\"RDV - Dr B\u00e9n\u00e9dicte SIMON\" \/>\n<meta property=\"og:description\" content=\"Consultations \u00a0 Les rendez-vous se prennent sur Doctolib.fr Prendre RDV Vous pouvez aussi contacter directement le secr\u00e9tariat T\u00e9l\u00e9phone :\u00a001 39 50 58 05 Email :\u00a0assistantedrsimon@outlook.fr Adresse : 76 Av. de Paris, 78000 Versailles Nous \u00e9talons les rendez-vous non urgents afin de d\u00e9gager des cr\u00e9neaux pour certaines circonstances (grossesse, chirurgie, demande d\u2019avis formul\u00e9e par un confr\u00e8re,&hellip;&nbsp;Lire la suite &raquo;RDV\" \/>\n<meta property=\"og:url\" content=\"https:\/\/drbenedictesimon.com\/index.php\/rdv\/\" \/>\n<meta property=\"og:site_name\" content=\"Dr B\u00e9n\u00e9dicte SIMON\" \/>\n<meta property=\"article:modified_time\" content=\"2022-01-13T09:56:09+00:00\" \/>\n<meta property=\"og:image\" content=\"https:\/\/drbenedictesimon.com\/wp-content\/uploads\/2021\/06\/WhatsApp-Image-2021-06-08-at-10.19.01-1024x682.jpeg\" \/>\n<meta name=\"twitter:card\" content=\"summary_large_image\" \/>\n<meta name=\"twitter:label1\" content=\"Dur\u00e9e de lecture est.\" \/>\n\t<meta name=\"twitter:data1\" content=\"1 minute\" \/>\n<script type=\"application\/ld+json\" class=\"yoast-schema-graph\">{\"@context\":\"https:\/\/schema.org\",\"@graph\":[{\"@type\":\"WebSite\",\"@id\":\"https:\/\/drbenedictesimon.com\/#website\",\"url\":\"https:\/\/drbenedictesimon.com\/\",\"name\":\"Dr B\\u00e9n\\u00e9dicte SIMON\",\"description\":\"Pour une naissance sereine\",\"potentialAction\":[{\"@type\":\"SearchAction\",\"target\":{\"@type\":\"EntryPoint\",\"urlTemplate\":\"https:\/\/drbenedictesimon.com\/?s={search_term_string}\"},\"query-input\":\"required name=search_term_string\"}],\"inLanguage\":\"fr-FR\"},{\"@type\":\"ImageObject\",\"@id\":\"https:\/\/drbenedictesimon.com\/index.php\/rdv\/#primaryimage\",\"inLanguage\":\"fr-FR\",\"url\":\"https:\/\/drbenedictesimon.com\/wp-content\/uploads\/2021\/06\/WhatsApp-Image-2021-06-08-at-10.19.01.jpeg\",\"contentUrl\":\"https:\/\/drbenedictesimon.com\/wp-content\/uploads\/2021\/06\/WhatsApp-Image-2021-06-08-at-10.19.01.jpeg\",\"width\":1280,\"height\":853,\"caption\":\"Place de Versailles\"},{\"@type\":\"WebPage\",\"@id\":\"https:\/\/drbenedictesimon.com\/index.php\/rdv\/#webpage\",\"url\":\"https:\/\/drbenedictesimon.com\/index.php\/rdv\/\",\"name\":\"RDV - Dr B\\u00e9n\\u00e9dicte SIMON\",\"isPartOf\":{\"@id\":\"https:\/\/drbenedictesimon.com\/#website\"},\"primaryImageOfPage\":{\"@id\":\"https:\/\/drbenedictesimon.com\/index.php\/rdv\/#primaryimage\"},\"datePublished\":\"2021-06-03T15:24:45+00:00\",\"dateModified\":\"2022-01-13T09:56:09+00:00\",\"breadcrumb\":{\"@id\":\"https:\/\/drbenedictesimon.com\/index.php\/rdv\/#breadcrumb\"},\"inLanguage\":\"fr-FR\",\"potentialAction\":[{\"@type\":\"ReadAction\",\"target\":[\"https:\/\/drbenedictesimon.com\/index.php\/rdv\/\"]}]},{\"@type\":\"BreadcrumbList\",\"@id\":\"https:\/\/drbenedictesimon.com\/index.php\/rdv\/#breadcrumb\",\"itemListElement\":[{\"@type\":\"ListItem\",\"position\":1,\"name\":\"Accueil\",\"item\":\"https:\/\/drbenedictesimon.com\/\"},{\"@type\":\"ListItem\",\"position\":2,\"name\":\"RDV\"}]}]}<\/script>\n<!-- \/ Yoast SEO plugin. -->","yoast_head_json":{"title":"RDV - Dr B\u00e9n\u00e9dicte SIMON","robots":{"index":"index","follow":"follow","max-snippet":"max-snippet:-1","max-image-preview":"max-image-preview:large","max-video-preview":"max-video-preview:-1"},"canonical":"https:\/\/drbenedictesimon.com\/index.php\/rdv\/","og_locale":"fr_FR","og_type":"article","og_title":"RDV - Dr B\u00e9n\u00e9dicte SIMON","og_description":"Consultations \u00a0 Les rendez-vous se prennent sur Doctolib.fr Prendre RDV Vous pouvez aussi contacter directement le secr\u00e9tariat T\u00e9l\u00e9phone :\u00a001 39 50 58 05 Email :\u00a0assistantedrsimon@outlook.fr Adresse : 76 Av. de Paris, 78000 Versailles Nous \u00e9talons les rendez-vous non urgents afin de d\u00e9gager des cr\u00e9neaux pour certaines circonstances (grossesse, chirurgie, demande d\u2019avis formul\u00e9e par un confr\u00e8re,&hellip;&nbsp;Lire la suite &raquo;RDV","og_url":"https:\/\/drbenedictesimon.com\/index.php\/rdv\/","og_site_name":"Dr B\u00e9n\u00e9dicte SIMON","article_modified_time":"2022-01-13T09:56:09+00:00","og_image":[{"url":"https:\/\/drbenedictesimon.com\/wp-content\/uploads\/2021\/06\/WhatsApp-Image-2021-06-08-at-10.19.01-1024x682.jpeg"}],"twitter_card":"summary_large_image","twitter_misc":{"Dur\u00e9e de lecture est.":"1 minute"},"schema":{"@context":"https:\/\/schema.org","@graph":[{"@type":"WebSite","@id":"https:\/\/drbenedictesimon.com\/#website","url":"https:\/\/drbenedictesimon.com\/","name":"Dr B\u00e9n\u00e9dicte SIMON","description":"Pour une naissance sereine","potentialAction":[{"@type":"SearchAction","target":{"@type":"EntryPoint","urlTemplate":"https:\/\/drbenedictesimon.com\/?s={search_term_string}"},"query-input":"required name=search_term_string"}],"inLanguage":"fr-FR"},{"@type":"ImageObject","@id":"https:\/\/drbenedictesimon.com\/index.php\/rdv\/#primaryimage","inLanguage":"fr-FR","url":"https:\/\/drbenedictesimon.com\/wp-content\/uploads\/2021\/06\/WhatsApp-Image-2021-06-08-at-10.19.01.jpeg","contentUrl":"https:\/\/drbenedictesimon.com\/wp-content\/uploads\/2021\/06\/WhatsApp-Image-2021-06-08-at-10.19.01.jpeg","width":1280,"height":853,"caption":"Place de Versailles"},{"@type":"WebPage","@id":"https:\/\/drbenedictesimon.com\/index.php\/rdv\/#webpage","url":"https:\/\/drbenedictesimon.com\/index.php\/rdv\/","name":"RDV - Dr B\u00e9n\u00e9dicte SIMON","isPartOf":{"@id":"https:\/\/drbenedictesimon.com\/#website"},"primaryImageOfPage":{"@id":"https:\/\/drbenedictesimon.com\/index.php\/rdv\/#primaryimage"},"datePublished":"2021-06-03T15:24:45+00:00","dateModified":"2022-01-13T09:56:09+00:00","breadcrumb":{"@id":"https:\/\/drbenedictesimon.com\/index.php\/rdv\/#breadcrumb"},"inLanguage":"fr-FR","potentialAction":[{"@type":"ReadAction","target":["https:\/\/drbenedictesimon.com\/index.php\/rdv\/"]}]},{"@type":"BreadcrumbList","@id":"https:\/\/drbenedictesimon.com\/index.php\/rdv\/#breadcrumb","itemListElement":[{"@type":"ListItem","position":1,"name":"Accueil","item":"https:\/\/drbenedictesimon.com\/"},{"@type":"ListItem","position":2,"name":"RDV"}]}]}},"uagb_featured_image_src":{"full":false,"thumbnail":false,"medium":false,"medium_large":false,"large":false,"1536x1536":false,"2048x2048":false,"neve-blog":false},"uagb_author_info":{"display_name":"admin2044","author_link":"https:\/\/drbenedictesimon.com\/index.php\/author\/admin2044\/"},"uagb_comment_info":0,"uagb_excerpt":"Consultations \u00a0 Les rendez-vous se prennent sur Doctolib.fr Prendre RDV Vous pouvez aussi contacter directement le secr\u00e9tariat T\u00e9l\u00e9phone :\u00a001 39 50 58 05 Email :\u00a0assistantedrsimon@outlook.fr Adresse : 76 Av. de Paris, 78000 Versailles Nous \u00e9talons les rendez-vous non urgents afin de d\u00e9gager des cr\u00e9neaux pour certaines circonstances (grossesse, chirurgie, demande d\u2019avis formul\u00e9e par un confr\u00e8re,&hellip;&nbsp;Lire\u2026","_links":{"self":[{"href":"https:\/\/drbenedictesimon.com\/index.php\/wp-json\/wp\/v2\/pages\/61"}],"collection":[{"href":"https:\/\/drbenedictesimon.com\/index.php\/wp-json\/wp\/v2\/pages"}],"about":[{"href":"https:\/\/drbenedictesimon.com\/index.php\/wp-json\/wp\/v2\/types\/page"}],"author":[{"embeddable":true,"href":"https:\/\/drbenedictesimon.com\/index.php\/wp-json\/wp\/v2\/users\/1"}],"replies":[{"embeddable":true,"href":"https:\/\/drbenedictesimon.com\/index.php\/wp-json\/wp\/v2\/comments?post=61"}],"version-history":[{"count":97,"href":"https:\/\/drbenedictesimon.com\/index.php\/wp-json\/wp\/v2\/pages\/61\/revisions"}],"predecessor-version":[{"id":2215,"href":"https:\/\/drbenedictesimon.com\/index.php\/wp-json\/wp\/v2\/pages\/61\/revisions\/2215"}],"wp:attachment":[{"href":"https:\/\/drbenedictesimon.com\/index.php\/wp-json\/wp\/v2\/media?parent=61"}],"curies":[{"name":"wp","href":"https:\/\/api.w.org\/{rel}","templated":true}]}}