{"id":1546,"date":"2021-06-18T09:28:04","date_gmt":"2021-06-18T07:28:04","guid":{"rendered":"http:\/\/drbenedictesimon.com\/?page_id=1546"},"modified":"2021-07-05T10:46:39","modified_gmt":"2021-07-05T08:46:39","slug":"suivi-de-grossesse","status":"publish","type":"page","link":"https:\/\/drbenedictesimon.com\/index.php\/suivi-de-grossesse\/","title":{"rendered":"Suivi de Grossesse"},"content":{"rendered":"\t\t<div data-elementor-type=\"wp-page\" data-elementor-id=\"1546\" class=\"elementor elementor-1546\" data-elementor-settings=\"[]\">\n\t\t\t\t\t\t\t<div class=\"elementor-section-wrap\">\n\t\t\t\t\t\t\t<section class=\"elementor-section elementor-top-section elementor-element elementor-element-cea5790 elementor-section-boxed elementor-section-height-default elementor-section-height-default\" data-id=\"cea5790\" data-element_type=\"section\">\n\t\t\t\t\t\t<div class=\"elementor-container elementor-column-gap-default\">\n\t\t\t\t\t<div class=\"elementor-column elementor-col-100 elementor-top-column elementor-element elementor-element-3cc7f38\" data-id=\"3cc7f38\" data-element_type=\"column\">\n\t\t\t<div class=\"elementor-widget-wrap elementor-element-populated\">\n\t\t\t\t\t\t\t\t<div class=\"elementor-element elementor-element-26f479a elementor-widget elementor-widget-heading\" data-id=\"26f479a\" data-element_type=\"widget\" data-widget_type=\"heading.default\">\n\t\t\t\t<div class=\"elementor-widget-container\">\n\t\t\t<h1 class=\"elementor-heading-title elementor-size-default\">Suivi de grossesse<\/h1>\t\t<\/div>\n\t\t\t\t<\/div>\n\t\t\t\t\t<\/div>\n\t\t<\/div>\n\t\t\t\t\t\t\t<\/div>\n\t\t<\/section>\n\t\t\t\t<section class=\"elementor-section elementor-top-section elementor-element elementor-element-4cbb085 elementor-section-boxed elementor-section-height-default elementor-section-height-default\" data-id=\"4cbb085\" data-element_type=\"section\">\n\t\t\t\t\t\t<div class=\"elementor-container elementor-column-gap-default\">\n\t\t\t\t\t<div class=\"elementor-column elementor-col-100 elementor-top-column elementor-element elementor-element-6a57b41\" data-id=\"6a57b41\" data-element_type=\"column\">\n\t\t\t<div class=\"elementor-widget-wrap elementor-element-populated\">\n\t\t\t\t\t\t\t\t<div class=\"elementor-element elementor-element-84f3414 elementor-widget elementor-widget-text-editor\" data-id=\"84f3414\" data-element_type=\"widget\" data-widget_type=\"text-editor.default\">\n\t\t\t\t<div class=\"elementor-widget-container\">\n\t\t\t\t\t\t\t\t<hr \/>\n<p>\u00a0<\/p>\t\t\t\t\t\t<\/div>\n\t\t\t\t<\/div>\n\t\t\t\t\t<\/div>\n\t\t<\/div>\n\t\t\t\t\t\t\t<\/div>\n\t\t<\/section>\n\t\t\t\t<section class=\"elementor-section elementor-top-section elementor-element elementor-element-c1031b6 elementor-section-full_width elementor-section-height-min-height elementor-section-height-default elementor-section-items-middle\" data-id=\"c1031b6\" data-element_type=\"section\" data-settings=\"{&quot;background_background&quot;:&quot;classic&quot;}\">\n\t\t\t\t\t\t<div class=\"elementor-container elementor-column-gap-default\">\n\t\t\t\t\t<div class=\"elementor-column elementor-col-100 elementor-top-column elementor-element elementor-element-25f35da\" data-id=\"25f35da\" data-element_type=\"column\">\n\t\t\t<div class=\"elementor-widget-wrap\">\n\t\t\t\t\t\t\t\t\t<\/div>\n\t\t<\/div>\n\t\t\t\t\t\t\t<\/div>\n\t\t<\/section>\n\t\t\t\t<section class=\"elementor-section elementor-top-section elementor-element elementor-element-5f4161e elementor-section-boxed elementor-section-height-default elementor-section-height-default\" data-id=\"5f4161e\" data-element_type=\"section\">\n\t\t\t\t\t\t<div class=\"elementor-container elementor-column-gap-default\">\n\t\t\t\t\t<div class=\"elementor-column elementor-col-100 elementor-top-column elementor-element elementor-element-6d24ca5\" data-id=\"6d24ca5\" data-element_type=\"column\">\n\t\t\t<div class=\"elementor-widget-wrap elementor-element-populated\">\n\t\t\t\t\t\t\t\t<div class=\"elementor-element elementor-element-67ee432 elementor-widget elementor-widget-text-editor\" data-id=\"67ee432\" data-element_type=\"widget\" data-widget_type=\"text-editor.default\">\n\t\t\t\t<div class=\"elementor-widget-container\">\n\t\t\t\t\t\t\t\t<!-- wp:image {\"id\":396,\"width\":719,\"height\":458,\"sizeSlug\":\"large\"} --><!-- \/wp:image --><!-- wp:paragraph --><!-- \/wp:paragraph --><!-- wp:heading {\"align\":\"left\",\"fontSize\":\"medium\"} -->\n<h2 class=\"has-text-align-left has-medium-font-size\">La consultation pr\u00e9-conceptionnelle<\/h2>\n<!-- \/wp:heading --><!-- wp:paragraph -->\n<p>Une consultation est conseill\u00e9e en pr\u00e9vision de la grossesse. Elle permet l\u2019analyse de votre histoire m\u00e9dicale personnelle et familiale. <span style=\"text-decoration: underline;\"><a href=\"http:\/\/drbenedictesimon.com\/index.php\/votre-suivi\/\">Lire plus<\/a><\/span><\/p>\n<!-- \/wp:paragraph --><!-- wp:paragraph --><!-- \/wp:paragraph --><!-- wp:heading {\"align\":\"left\",\"fontSize\":\"medium\"} -->\n<h2 class=\"has-text-align-left has-medium-font-size\">Le premier rendez-vous : entre 1 et 2 mois de grossesse<\/h2>\n<p>&#8211; Hygi\u00e8ne de vie et ant\u00e9c\u00e9dents<br \/>&#8211; Calcul du terme de la grossesse<br \/>&#8211; D\u00e9pistage et s\u00e9rologie. <span style=\"text-decoration: underline;\"><a href=\"http:\/\/drbenedictesimon.com\/index.php\/votre-suivi\/\">Lire plus<\/a><\/span><\/p>\n<!-- \/wp:heading --><!-- wp:table --><!-- \/wp:table --><!-- wp:heading {\"align\":\"left\",\"fontSize\":\"medium\"} -->\n<h2 class=\"has-text-align-left has-medium-font-size\">La fr\u00e9quence des consultations et le suivi de la grossesse<\/h2>\n<!-- \/wp:heading --><!-- wp:paragraph -->\n<p>Les visites se font en g\u00e9n\u00e9ral tous les mois jusqu\u2019\u00e0 8 mois, puis une fois par semaine \u00e0 l&#8217;approche de l&#8217;accouchement. Ce suivi de grossesse rapproch\u00e9 permet d\u2019optimiser les conditions de l\u2019accouchement. En fonction de votre situation, la fr\u00e9quence des consultations pourra \u00eatre adapt\u00e9e. <span style=\"text-decoration: underline;\"><a href=\"http:\/\/drbenedictesimon.com\/index.php\/votre-suivi\/\">Lire plus<\/a><\/span><\/p>\n<!-- \/wp:paragraph -->\t\t\t\t\t\t<\/div>\n\t\t\t\t<\/div>\n\t\t\t\t\t<\/div>\n\t\t<\/div>\n\t\t\t\t\t\t\t<\/div>\n\t\t<\/section>\n\t\t\t\t\t\t<\/div>\n\t\t\t\t\t<\/div>\n\t\t","protected":false},"excerpt":{"rendered":"<p>Suivi de grossesse \u00a0 La consultation pr\u00e9-conceptionnelle Une consultation est conseill\u00e9e en pr\u00e9vision de la grossesse. Elle permet l\u2019analyse de votre histoire m\u00e9dicale personnelle et familiale. Lire plus Le premier rendez-vous : entre 1 et 2 mois de grossesse &#8211; Hygi\u00e8ne de vie et ant\u00e9c\u00e9dents&#8211; Calcul du terme de la grossesse&#8211; D\u00e9pistage et s\u00e9rologie. Lire&hellip;&nbsp;<a href=\"https:\/\/drbenedictesimon.com\/index.php\/suivi-de-grossesse\/\" class=\"\" rel=\"bookmark\">Lire la suite &raquo;<span class=\"screen-reader-text\">Suivi de Grossesse<\/span><\/a><\/p>\n","protected":false},"author":1,"featured_media":0,"parent":0,"menu_order":0,"comment_status":"closed","ping_status":"closed","template":"page-templates\/template-pagebuilder-full-width.php","meta":{"neve_meta_sidebar":"full-width","neve_meta_container":"","neve_meta_enable_content_width":"on","neve_meta_content_width":100,"neve_meta_title_alignment":"","neve_meta_author_avatar":"","neve_post_elements_order":"","neve_meta_disable_header":"","neve_meta_disable_footer":"","neve_meta_disable_title":""},"yoast_head":"<!-- This site is optimized with the Yoast SEO plugin v16.7 - https:\/\/yoast.com\/wordpress\/plugins\/seo\/ -->\n<title>Suivi de Grossesse - Dr B\u00e9n\u00e9dicte SIMON<\/title>\n<meta name=\"robots\" content=\"index, follow, max-snippet:-1, max-image-preview:large, max-video-preview:-1\" \/>\n<link rel=\"canonical\" href=\"https:\/\/drbenedictesimon.com\/index.php\/suivi-de-grossesse\/\" \/>\n<meta property=\"og:locale\" content=\"fr_FR\" \/>\n<meta property=\"og:type\" content=\"article\" \/>\n<meta property=\"og:title\" content=\"Suivi de Grossesse - Dr B\u00e9n\u00e9dicte SIMON\" \/>\n<meta property=\"og:description\" content=\"Suivi de grossesse \u00a0 La consultation pr\u00e9-conceptionnelle Une consultation est conseill\u00e9e en pr\u00e9vision de la grossesse. Elle permet l\u2019analyse de votre histoire m\u00e9dicale personnelle et familiale. Lire plus Le premier rendez-vous : entre 1 et 2 mois de grossesse &#8211; Hygi\u00e8ne de vie et ant\u00e9c\u00e9dents&#8211; Calcul du terme de la grossesse&#8211; D\u00e9pistage et s\u00e9rologie. Lire&hellip;&nbsp;Lire la suite &raquo;Suivi de Grossesse\" \/>\n<meta property=\"og:url\" content=\"https:\/\/drbenedictesimon.com\/index.php\/suivi-de-grossesse\/\" \/>\n<meta property=\"og:site_name\" content=\"Dr B\u00e9n\u00e9dicte SIMON\" \/>\n<meta property=\"article:modified_time\" content=\"2021-07-05T08:46:39+00:00\" \/>\n<meta name=\"twitter:card\" content=\"summary_large_image\" \/>\n<meta name=\"twitter:label1\" content=\"Dur\u00e9e de lecture est.\" \/>\n\t<meta name=\"twitter:data1\" content=\"1 minute\" \/>\n<script type=\"application\/ld+json\" class=\"yoast-schema-graph\">{\"@context\":\"https:\/\/schema.org\",\"@graph\":[{\"@type\":\"WebSite\",\"@id\":\"https:\/\/drbenedictesimon.com\/#website\",\"url\":\"https:\/\/drbenedictesimon.com\/\",\"name\":\"Dr B\\u00e9n\\u00e9dicte SIMON\",\"description\":\"Pour une naissance sereine\",\"potentialAction\":[{\"@type\":\"SearchAction\",\"target\":{\"@type\":\"EntryPoint\",\"urlTemplate\":\"https:\/\/drbenedictesimon.com\/?s={search_term_string}\"},\"query-input\":\"required name=search_term_string\"}],\"inLanguage\":\"fr-FR\"},{\"@type\":\"WebPage\",\"@id\":\"https:\/\/drbenedictesimon.com\/index.php\/suivi-de-grossesse\/#webpage\",\"url\":\"https:\/\/drbenedictesimon.com\/index.php\/suivi-de-grossesse\/\",\"name\":\"Suivi de Grossesse - Dr B\\u00e9n\\u00e9dicte SIMON\",\"isPartOf\":{\"@id\":\"https:\/\/drbenedictesimon.com\/#website\"},\"datePublished\":\"2021-06-18T07:28:04+00:00\",\"dateModified\":\"2021-07-05T08:46:39+00:00\",\"breadcrumb\":{\"@id\":\"https:\/\/drbenedictesimon.com\/index.php\/suivi-de-grossesse\/#breadcrumb\"},\"inLanguage\":\"fr-FR\",\"potentialAction\":[{\"@type\":\"ReadAction\",\"target\":[\"https:\/\/drbenedictesimon.com\/index.php\/suivi-de-grossesse\/\"]}]},{\"@type\":\"BreadcrumbList\",\"@id\":\"https:\/\/drbenedictesimon.com\/index.php\/suivi-de-grossesse\/#breadcrumb\",\"itemListElement\":[{\"@type\":\"ListItem\",\"position\":1,\"name\":\"Accueil\",\"item\":\"https:\/\/drbenedictesimon.com\/\"},{\"@type\":\"ListItem\",\"position\":2,\"name\":\"Suivi de Grossesse\"}]}]}<\/script>\n<!-- \/ Yoast SEO plugin. -->","yoast_head_json":{"title":"Suivi de Grossesse - Dr B\u00e9n\u00e9dicte SIMON","robots":{"index":"index","follow":"follow","max-snippet":"max-snippet:-1","max-image-preview":"max-image-preview:large","max-video-preview":"max-video-preview:-1"},"canonical":"https:\/\/drbenedictesimon.com\/index.php\/suivi-de-grossesse\/","og_locale":"fr_FR","og_type":"article","og_title":"Suivi de Grossesse - Dr B\u00e9n\u00e9dicte SIMON","og_description":"Suivi de grossesse \u00a0 La consultation pr\u00e9-conceptionnelle Une consultation est conseill\u00e9e en pr\u00e9vision de la grossesse. Elle permet l\u2019analyse de votre histoire m\u00e9dicale personnelle et familiale. Lire plus Le premier rendez-vous : entre 1 et 2 mois de grossesse &#8211; Hygi\u00e8ne de vie et ant\u00e9c\u00e9dents&#8211; Calcul du terme de la grossesse&#8211; D\u00e9pistage et s\u00e9rologie. Lire&hellip;&nbsp;Lire la suite &raquo;Suivi de Grossesse","og_url":"https:\/\/drbenedictesimon.com\/index.php\/suivi-de-grossesse\/","og_site_name":"Dr B\u00e9n\u00e9dicte SIMON","article_modified_time":"2021-07-05T08:46:39+00:00","twitter_card":"summary_large_image","twitter_misc":{"Dur\u00e9e de lecture est.":"1 minute"},"schema":{"@context":"https:\/\/schema.org","@graph":[{"@type":"WebSite","@id":"https:\/\/drbenedictesimon.com\/#website","url":"https:\/\/drbenedictesimon.com\/","name":"Dr B\u00e9n\u00e9dicte SIMON","description":"Pour une naissance sereine","potentialAction":[{"@type":"SearchAction","target":{"@type":"EntryPoint","urlTemplate":"https:\/\/drbenedictesimon.com\/?s={search_term_string}"},"query-input":"required name=search_term_string"}],"inLanguage":"fr-FR"},{"@type":"WebPage","@id":"https:\/\/drbenedictesimon.com\/index.php\/suivi-de-grossesse\/#webpage","url":"https:\/\/drbenedictesimon.com\/index.php\/suivi-de-grossesse\/","name":"Suivi de Grossesse - Dr B\u00e9n\u00e9dicte SIMON","isPartOf":{"@id":"https:\/\/drbenedictesimon.com\/#website"},"datePublished":"2021-06-18T07:28:04+00:00","dateModified":"2021-07-05T08:46:39+00:00","breadcrumb":{"@id":"https:\/\/drbenedictesimon.com\/index.php\/suivi-de-grossesse\/#breadcrumb"},"inLanguage":"fr-FR","potentialAction":[{"@type":"ReadAction","target":["https:\/\/drbenedictesimon.com\/index.php\/suivi-de-grossesse\/"]}]},{"@type":"BreadcrumbList","@id":"https:\/\/drbenedictesimon.com\/index.php\/suivi-de-grossesse\/#breadcrumb","itemListElement":[{"@type":"ListItem","position":1,"name":"Accueil","item":"https:\/\/drbenedictesimon.com\/"},{"@type":"ListItem","position":2,"name":"Suivi de Grossesse"}]}]}},"uagb_featured_image_src":{"full":false,"thumbnail":false,"medium":false,"medium_large":false,"large":false,"1536x1536":false,"2048x2048":false,"neve-blog":false},"uagb_author_info":{"display_name":"admin2044","author_link":"https:\/\/drbenedictesimon.com\/index.php\/author\/admin2044\/"},"uagb_comment_info":0,"uagb_excerpt":"Suivi de grossesse \u00a0 La consultation pr\u00e9-conceptionnelle Une consultation est conseill\u00e9e en pr\u00e9vision de la grossesse. Elle permet l\u2019analyse de votre histoire m\u00e9dicale personnelle et familiale. Lire plus Le premier rendez-vous : entre 1 et 2 mois de grossesse &#8211; Hygi\u00e8ne de vie et ant\u00e9c\u00e9dents&#8211; Calcul du terme de la grossesse&#8211; D\u00e9pistage et s\u00e9rologie. Lire&hellip;&nbsp;Lire\u2026","_links":{"self":[{"href":"https:\/\/drbenedictesimon.com\/index.php\/wp-json\/wp\/v2\/pages\/1546"}],"collection":[{"href":"https:\/\/drbenedictesimon.com\/index.php\/wp-json\/wp\/v2\/pages"}],"about":[{"href":"https:\/\/drbenedictesimon.com\/index.php\/wp-json\/wp\/v2\/types\/page"}],"author":[{"embeddable":true,"href":"https:\/\/drbenedictesimon.com\/index.php\/wp-json\/wp\/v2\/users\/1"}],"replies":[{"embeddable":true,"href":"https:\/\/drbenedictesimon.com\/index.php\/wp-json\/wp\/v2\/comments?post=1546"}],"version-history":[{"count":32,"href":"https:\/\/drbenedictesimon.com\/index.php\/wp-json\/wp\/v2\/pages\/1546\/revisions"}],"predecessor-version":[{"id":1593,"href":"https:\/\/drbenedictesimon.com\/index.php\/wp-json\/wp\/v2\/pages\/1546\/revisions\/1593"}],"wp:attachment":[{"href":"https:\/\/drbenedictesimon.com\/index.php\/wp-json\/wp\/v2\/media?parent=1546"}],"curies":[{"name":"wp","href":"https:\/\/api.w.org\/{rel}","templated":true}]}}