{"id":1158,"date":"2021-06-11T11:14:22","date_gmt":"2021-06-11T09:14:22","guid":{"rendered":"http:\/\/drbenedictesimon.com\/?page_id=1158"},"modified":"2022-03-10T09:26:27","modified_gmt":"2022-03-10T08:26:27","slug":"elementor-1158","status":"publish","type":"page","link":"https:\/\/drbenedictesimon.com\/","title":{"rendered":"Accueil"},"content":{"rendered":"\t\t<div data-elementor-type=\"wp-page\" data-elementor-id=\"1158\" class=\"elementor elementor-1158\" data-elementor-settings=\"[]\">\n\t\t\t\t\t\t\t<div class=\"elementor-section-wrap\">\n\t\t\t\t\t\t\t<section class=\"elementor-section elementor-top-section elementor-element elementor-element-e385586 elementor-section-boxed elementor-section-height-default elementor-section-height-default\" data-id=\"e385586\" data-element_type=\"section\">\n\t\t\t\t\t\t<div class=\"elementor-container elementor-column-gap-default\">\n\t\t\t\t\t<div class=\"elementor-column elementor-col-100 elementor-top-column elementor-element elementor-element-1a9b9b7\" data-id=\"1a9b9b7\" data-element_type=\"column\">\n\t\t\t<div class=\"elementor-widget-wrap elementor-element-populated\">\n\t\t\t\t\t\t\t\t<div class=\"elementor-element elementor-element-9d2086c elementor-widget elementor-widget-heading\" data-id=\"9d2086c\" data-element_type=\"widget\" data-widget_type=\"heading.default\">\n\t\t\t\t<div class=\"elementor-widget-container\">\n\t\t\t<h1 class=\"elementor-heading-title elementor-size-default\">Accueil<\/h1>\t\t<\/div>\n\t\t\t\t<\/div>\n\t\t\t\t<div class=\"elementor-element elementor-element-45c7062 elementor-widget elementor-widget-text-editor\" data-id=\"45c7062\" data-element_type=\"widget\" data-widget_type=\"text-editor.default\">\n\t\t\t\t<div class=\"elementor-widget-container\">\n\t\t\t\t\t\t\t\t<hr \/>\n<p>\u00a0<\/p>\t\t\t\t\t\t<\/div>\n\t\t\t\t<\/div>\n\t\t\t\t\t<\/div>\n\t\t<\/div>\n\t\t\t\t\t\t\t<\/div>\n\t\t<\/section>\n\t\t\t\t<section class=\"elementor-section elementor-top-section elementor-element elementor-element-1379ba0 elementor-section-full_width elementor-section-height-min-height elementor-section-height-default elementor-section-items-middle\" data-id=\"1379ba0\" data-element_type=\"section\" data-settings=\"{&quot;background_background&quot;:&quot;classic&quot;}\">\n\t\t\t\t\t\t\t<div class=\"elementor-background-overlay\"><\/div>\n\t\t\t\t\t\t\t<div class=\"elementor-container elementor-column-gap-default\">\n\t\t\t\t\t<div class=\"elementor-column elementor-col-66 elementor-top-column elementor-element elementor-element-f2125af\" data-id=\"f2125af\" data-element_type=\"column\">\n\t\t\t<div class=\"elementor-widget-wrap elementor-element-populated\">\n\t\t\t\t\t\t\t\t<div class=\"elementor-element elementor-element-cb86986 elementor-widget elementor-widget-spacer\" data-id=\"cb86986\" data-element_type=\"widget\" data-widget_type=\"spacer.default\">\n\t\t\t\t<div class=\"elementor-widget-container\">\n\t\t\t\t\t<div class=\"elementor-spacer\">\n\t\t\t<div class=\"elementor-spacer-inner\"><\/div>\n\t\t<\/div>\n\t\t\t\t<\/div>\n\t\t\t\t<\/div>\n\t\t\t\t<div class=\"elementor-element elementor-element-d4e42d3 elementor-widget elementor-widget-text-editor\" data-id=\"d4e42d3\" data-element_type=\"widget\" data-widget_type=\"text-editor.default\">\n\t\t\t\t<div class=\"elementor-widget-container\">\n\t\t\t\t\t\t\t\t<p>Chirurgie Gyn\u00e9cologique &amp; Obst\u00e9trique\u00a0<\/p><p>\u00a0<\/p>\t\t\t\t\t\t<\/div>\n\t\t\t\t<\/div>\n\t\t\t\t<div class=\"elementor-element elementor-element-a9a5e5d elementor-widget elementor-widget-text-editor\" data-id=\"a9a5e5d\" data-element_type=\"widget\" data-widget_type=\"text-editor.default\">\n\t\t\t\t<div class=\"elementor-widget-container\">\n\t\t\t\t\t\t\t\t<p>Le Docteur B\u00e9n\u00e9dicte SIMON, gyn\u00e9cologue-obst\u00e9tricienne \u00e0 Versailles, exerce \u00e0 son cabinet ainsi qu&#8217;\u00e0 la Clinique des Franciscaines.<\/p><p>Ce site vise \u00e0 vous informer sur les questions que vous pouvez vous poser au sujet d&#8217;une grossesse et d&#8217;un accouchement ou d&#8217;une intervention chirurgicale. Il vous permettra ce concept que j&#8217;ai d\u00e9cid\u00e9 d&#8217;appeler &#8220;la naissance sereine&#8221;. Si vous ne trouvez pas r\u00e9ponse \u00e0 vos questions, n\u2019h\u00e9sitez pas \u00e0 nous contacter.<\/p>\t\t\t\t\t\t<\/div>\n\t\t\t\t<\/div>\n\t\t\t\t<div class=\"elementor-element elementor-element-40155bc elementor-align-center elementor-tablet-align-center elementor-widget elementor-widget-button\" data-id=\"40155bc\" data-element_type=\"widget\" data-widget_type=\"button.default\">\n\t\t\t\t<div class=\"elementor-widget-container\">\n\t\t\t\t\t<div class=\"elementor-button-wrapper\">\n\t\t\t<a href=\"https:\/\/www.doctolib.fr\/gynecologue-obstetricien\/versailles\/benedicte-simon-versailles\" target=\"_blank\" class=\"elementor-button-link elementor-button elementor-size-md elementor-animation-grow\" role=\"button\">\n\t\t\t\t\t\t<span class=\"elementor-button-content-wrapper\">\n\t\t\t\t\t\t<span class=\"elementor-button-text\">Prendre RDV<\/span>\n\t\t<\/span>\n\t\t\t\t\t<\/a>\n\t\t<\/div>\n\t\t\t\t<\/div>\n\t\t\t\t<\/div>\n\t\t\t\t\t<\/div>\n\t\t<\/div>\n\t\t\t\t<div class=\"elementor-column elementor-col-33 elementor-top-column elementor-element elementor-element-df37eec\" data-id=\"df37eec\" data-element_type=\"column\">\n\t\t\t<div class=\"elementor-widget-wrap\">\n\t\t\t\t\t\t\t\t\t<\/div>\n\t\t<\/div>\n\t\t\t\t\t\t\t<\/div>\n\t\t<\/section>\n\t\t\t\t<section class=\"elementor-section elementor-top-section elementor-element elementor-element-447a3e5 elementor-section-boxed elementor-section-height-default elementor-section-height-default\" data-id=\"447a3e5\" data-element_type=\"section\">\n\t\t\t\t\t\t<div class=\"elementor-container elementor-column-gap-default\">\n\t\t\t\t\t<div class=\"elementor-column elementor-col-50 elementor-top-column elementor-element elementor-element-abbdad4\" data-id=\"abbdad4\" data-element_type=\"column\">\n\t\t\t<div class=\"elementor-widget-wrap elementor-element-populated\">\n\t\t\t\t\t\t\t\t<div class=\"elementor-element elementor-element-aeb3e72 elementor-widget elementor-widget-image\" data-id=\"aeb3e72\" data-element_type=\"widget\" data-widget_type=\"image.default\">\n\t\t\t\t<div class=\"elementor-widget-container\">\n\t\t\t\t\t\t\t\t\t\t\t\t\t\t\t<img width=\"700\" height=\"605\" src=\"https:\/\/drbenedictesimon.com\/wp-content\/uploads\/2022\/01\/carte-2.png\" class=\"attachment-medium_large size-medium_large\" alt=\"\" loading=\"lazy\" srcset=\"https:\/\/drbenedictesimon.com\/wp-content\/uploads\/2022\/01\/carte-2.png 700w, https:\/\/drbenedictesimon.com\/wp-content\/uploads\/2022\/01\/carte-2-300x259.png 300w\" sizes=\"(max-width: 700px) 100vw, 700px\" \/>\t\t\t\t\t\t\t\t\t\t\t\t\t\t\t<\/div>\n\t\t\t\t<\/div>\n\t\t\t\t\t<\/div>\n\t\t<\/div>\n\t\t\t\t<div class=\"elementor-column elementor-col-50 elementor-top-column elementor-element elementor-element-acef9e8\" data-id=\"acef9e8\" data-element_type=\"column\" data-settings=\"{&quot;background_background&quot;:&quot;classic&quot;}\">\n\t\t\t<div class=\"elementor-widget-wrap elementor-element-populated\">\n\t\t\t\t\t\t\t\t<div class=\"elementor-element elementor-element-0416e34 elementor-widget elementor-widget-spacer\" data-id=\"0416e34\" data-element_type=\"widget\" data-widget_type=\"spacer.default\">\n\t\t\t\t<div class=\"elementor-widget-container\">\n\t\t\t\t\t<div class=\"elementor-spacer\">\n\t\t\t<div class=\"elementor-spacer-inner\"><\/div>\n\t\t<\/div>\n\t\t\t\t<\/div>\n\t\t\t\t<\/div>\n\t\t\t\t<div class=\"elementor-element elementor-element-788bd70 elementor-widget elementor-widget-text-editor\" data-id=\"788bd70\" data-element_type=\"widget\" data-widget_type=\"text-editor.default\">\n\t\t\t\t<div class=\"elementor-widget-container\">\n\t\t\t\t\t\t\t\t<p style=\"text-align: center;\"><strong>Le cabinet du docteur SIMON :<\/strong><\/p><p style=\"text-align: center;\">76 Avenue de Paris<\/p><p style=\"text-align: center;\">R\u00e9sidence LA SEIGNEURIE<\/p><p style=\"text-align: center;\">B\u00e2timent le N\u00f4tre\u00a0<em>(au fond du jardin)<\/em><\/p><p style=\"text-align: center;\">Porte B\u00a0<em>(interphone de droite)<\/em><\/p><p><strong>Code immeuble :<\/strong> 7863<\/p><p style=\"text-align: center;\">78000 VERSAILLES<\/p><p style=\"text-align: center;\"><strong>T\u00e9l\u00e9phone :<\/strong> 01 39 50 58 05<\/p><p>\u00a0<\/p><p style=\"text-align: center;\"><strong>L&#8217;h\u00f4pital priv\u00e9 de VERSAILLES :<\/strong><\/p><p style=\"text-align: center;\">7 Bis rue de la porte de BUC<\/p><p style=\"text-align: center;\">78000 VERSAILLES<\/p><p style=\"text-align: center;\"><strong>T\u00e9l\u00e9phone :<\/strong> 0826 303 333<\/p><p><strong>Urgence maternit\u00e9 :<\/strong> 01 30 97 33 28<\/p>\t\t\t\t\t\t<\/div>\n\t\t\t\t<\/div>\n\t\t\t\t\t<\/div>\n\t\t<\/div>\n\t\t\t\t\t\t\t<\/div>\n\t\t<\/section>\n\t\t\t\t<section class=\"elementor-section elementor-top-section elementor-element elementor-element-ade219e elementor-section-full_width animated-slow elementor-section-height-default elementor-section-height-default\" data-id=\"ade219e\" data-element_type=\"section\" data-settings=\"{&quot;animation&quot;:&quot;none&quot;}\">\n\t\t\t\t\t\t<div class=\"elementor-container elementor-column-gap-wide\">\n\t\t\t\t\t<div class=\"elementor-column elementor-col-33 elementor-top-column elementor-element elementor-element-7e537cd\" data-id=\"7e537cd\" data-element_type=\"column\">\n\t\t\t<div class=\"elementor-widget-wrap elementor-element-populated\">\n\t\t\t\t\t\t\t\t<div class=\"elementor-element elementor-element-683b4d3 elementor-widget elementor-widget-image\" data-id=\"683b4d3\" data-element_type=\"widget\" data-widget_type=\"image.default\">\n\t\t\t\t<div class=\"elementor-widget-container\">\n\t\t\t\t\t\t\t\t\t\t\t\t\t\t\t\t<a href=\"http:\/\/drbenedictesimon.com\/index.php\/suivi-de-grossesse\/\">\n\t\t\t\t\t\t\t<img width=\"1024\" height=\"682\" src=\"https:\/\/drbenedictesimon.com\/wp-content\/uploads\/2021\/06\/grossesse-1024x682.png\" class=\"elementor-animation-grow attachment-large size-large\" alt=\"Femme enceinte\" loading=\"lazy\" srcset=\"https:\/\/drbenedictesimon.com\/wp-content\/uploads\/2021\/06\/grossesse-1024x682.png 1024w, https:\/\/drbenedictesimon.com\/wp-content\/uploads\/2021\/06\/grossesse-300x200.png 300w, https:\/\/drbenedictesimon.com\/wp-content\/uploads\/2021\/06\/grossesse-768x512.png 768w, https:\/\/drbenedictesimon.com\/wp-content\/uploads\/2021\/06\/grossesse-1536x1023.png 1536w, https:\/\/drbenedictesimon.com\/wp-content\/uploads\/2021\/06\/grossesse-930x620.png 930w, https:\/\/drbenedictesimon.com\/wp-content\/uploads\/2021\/06\/grossesse.png 1600w\" sizes=\"(max-width: 1024px) 100vw, 1024px\" \/>\t\t\t\t\t\t\t\t<\/a>\n\t\t\t\t\t\t\t\t\t\t\t\t\t\t\t<\/div>\n\t\t\t\t<\/div>\n\t\t\t\t<div class=\"elementor-element elementor-element-e6bf2c1 elementor-widget elementor-widget-heading\" data-id=\"e6bf2c1\" data-element_type=\"widget\" data-widget_type=\"heading.default\">\n\t\t\t\t<div class=\"elementor-widget-container\">\n\t\t\t<h2 class=\"elementor-heading-title elementor-size-default\"><a href=\"http:\/\/drbenedictesimon.com\/index.php\/suivi-de-grossesse\/\">Suivi de grossesse<\/a><\/h2>\t\t<\/div>\n\t\t\t\t<\/div>\n\t\t\t\t<div class=\"elementor-element elementor-element-1b743ad elementor-widget elementor-widget-text-editor\" data-id=\"1b743ad\" data-element_type=\"widget\" data-widget_type=\"text-editor.default\">\n\t\t\t\t<div class=\"elementor-widget-container\">\n\t\t\t\t\t\t\t\t<p>Le Docteur SIMON fait un suivi de grossesse rapproch\u00e9 qui permet une meilleure connaissance afin d\u2019optimiser les conditions de l\u2019accouchement. Les visites se font en g\u00e9n\u00e9ral tous les mois jusqu\u2019\u00e0 8 mois. A l\u2019approche de l\u2019accouchement le suivi se rapproche, jusqu\u2019\u00e0 une fois par semaine le dernier mois\u00a0En fonction de votre situation la fr\u00e9quence des consultations pourra \u00eatre adapt\u00e9e.<a href=\"http:\/\/drbenedictesimon.com\/index.php\/suivi-de-grossesse\/\"><span style=\"text-decoration: underline;\">\u00a0Lire plus<\/span><\/a><\/p>\t\t\t\t\t\t<\/div>\n\t\t\t\t<\/div>\n\t\t\t\t\t<\/div>\n\t\t<\/div>\n\t\t\t\t<div class=\"elementor-column elementor-col-33 elementor-top-column elementor-element elementor-element-336d5c9\" data-id=\"336d5c9\" data-element_type=\"column\">\n\t\t\t<div class=\"elementor-widget-wrap elementor-element-populated\">\n\t\t\t\t\t\t\t\t<div class=\"elementor-element elementor-element-8882b0d elementor-widget elementor-widget-image\" data-id=\"8882b0d\" data-element_type=\"widget\" data-widget_type=\"image.default\">\n\t\t\t\t<div class=\"elementor-widget-container\">\n\t\t\t\t\t\t\t\t\t\t\t\t\t\t\t\t<a href=\"http:\/\/drbenedictesimon.com\/index.php\/accouchement\/\">\n\t\t\t\t\t\t\t<img width=\"1024\" height=\"683\" src=\"https:\/\/drbenedictesimon.com\/wp-content\/uploads\/2021\/06\/pexels-jonathan-borba-3279204-1024x683.jpg\" class=\"elementor-animation-grow attachment-large size-large\" alt=\"naissance, peau \u00e0 peau, accouchement, b\u00e9b\u00e9 et maman, joie\" loading=\"lazy\" srcset=\"https:\/\/drbenedictesimon.com\/wp-content\/uploads\/2021\/06\/pexels-jonathan-borba-3279204-1024x683.jpg 1024w, https:\/\/drbenedictesimon.com\/wp-content\/uploads\/2021\/06\/pexels-jonathan-borba-3279204-300x200.jpg 300w, https:\/\/drbenedictesimon.com\/wp-content\/uploads\/2021\/06\/pexels-jonathan-borba-3279204-768x512.jpg 768w, https:\/\/drbenedictesimon.com\/wp-content\/uploads\/2021\/06\/pexels-jonathan-borba-3279204-1536x1024.jpg 1536w, https:\/\/drbenedictesimon.com\/wp-content\/uploads\/2021\/06\/pexels-jonathan-borba-3279204-2048x1365.jpg 2048w, https:\/\/drbenedictesimon.com\/wp-content\/uploads\/2021\/06\/pexels-jonathan-borba-3279204-930x620.jpg 930w\" sizes=\"(max-width: 1024px) 100vw, 1024px\" \/>\t\t\t\t\t\t\t\t<\/a>\n\t\t\t\t\t\t\t\t\t\t\t\t\t\t\t<\/div>\n\t\t\t\t<\/div>\n\t\t\t\t<div class=\"elementor-element elementor-element-0755733 elementor-widget elementor-widget-heading\" data-id=\"0755733\" data-element_type=\"widget\" data-widget_type=\"heading.default\">\n\t\t\t\t<div class=\"elementor-widget-container\">\n\t\t\t<h2 class=\"elementor-heading-title elementor-size-default\"><a href=\"http:\/\/drbenedictesimon.com\/index.php\/accouchement\/\">Accouchement<\/a><\/h2>\t\t<\/div>\n\t\t\t\t<\/div>\n\t\t\t\t<div class=\"elementor-element elementor-element-abb8b01 elementor-widget elementor-widget-text-editor\" data-id=\"abb8b01\" data-element_type=\"widget\" data-widget_type=\"text-editor.default\">\n\t\t\t\t<div class=\"elementor-widget-container\">\n\t\t\t\t\t\t\t\t<p>Le Docteur SIMON tire sa philosophie pour l\u2019accouchement de sa formation personnelle et professionnelle : respecter le travail de la nature lorsque celui-ci prend une direction salutaire. Son intervention est toujours guid\u00e9e par un enjeu identifi\u00e9 et respecte les consignes de s\u00e9curit\u00e9 des instances professionnelles. <a href=\"http:\/\/drbenedictesimon.com\/index.php\/accouchement\/\"><span style=\"text-decoration: underline;\">Lire plus<\/span><\/a><\/p>\t\t\t\t\t\t<\/div>\n\t\t\t\t<\/div>\n\t\t\t\t\t<\/div>\n\t\t<\/div>\n\t\t\t\t<div class=\"elementor-column elementor-col-33 elementor-top-column elementor-element elementor-element-4f61ffb\" data-id=\"4f61ffb\" data-element_type=\"column\">\n\t\t\t<div class=\"elementor-widget-wrap elementor-element-populated\">\n\t\t\t\t\t\t\t\t<div class=\"elementor-element elementor-element-12a1562 elementor-widget elementor-widget-image\" data-id=\"12a1562\" data-element_type=\"widget\" data-widget_type=\"image.default\">\n\t\t\t\t<div class=\"elementor-widget-container\">\n\t\t\t\t\t\t\t\t\t\t\t\t\t\t\t\t<a href=\"http:\/\/drbenedictesimon.com\/index.php\/chirurgie\/\">\n\t\t\t\t\t\t\t<img width=\"1024\" height=\"683\" src=\"https:\/\/drbenedictesimon.com\/wp-content\/uploads\/2021\/06\/pexels-anna-shvets-4483327-1024x683.jpg\" class=\"elementor-animation-grow attachment-large size-large\" alt=\"Cousure, accouchement, chirurgie, protection, gants, blouse, fil\" loading=\"lazy\" srcset=\"https:\/\/drbenedictesimon.com\/wp-content\/uploads\/2021\/06\/pexels-anna-shvets-4483327-1024x683.jpg 1024w, https:\/\/drbenedictesimon.com\/wp-content\/uploads\/2021\/06\/pexels-anna-shvets-4483327-300x200.jpg 300w, https:\/\/drbenedictesimon.com\/wp-content\/uploads\/2021\/06\/pexels-anna-shvets-4483327-768x512.jpg 768w, https:\/\/drbenedictesimon.com\/wp-content\/uploads\/2021\/06\/pexels-anna-shvets-4483327-1536x1024.jpg 1536w, https:\/\/drbenedictesimon.com\/wp-content\/uploads\/2021\/06\/pexels-anna-shvets-4483327-2048x1365.jpg 2048w, https:\/\/drbenedictesimon.com\/wp-content\/uploads\/2021\/06\/pexels-anna-shvets-4483327-930x620.jpg 930w\" sizes=\"(max-width: 1024px) 100vw, 1024px\" \/>\t\t\t\t\t\t\t\t<\/a>\n\t\t\t\t\t\t\t\t\t\t\t\t\t\t\t<\/div>\n\t\t\t\t<\/div>\n\t\t\t\t<div class=\"elementor-element elementor-element-5b79ba3 elementor-widget elementor-widget-heading\" data-id=\"5b79ba3\" data-element_type=\"widget\" data-widget_type=\"heading.default\">\n\t\t\t\t<div class=\"elementor-widget-container\">\n\t\t\t<h2 class=\"elementor-heading-title elementor-size-default\"><a href=\"http:\/\/drbenedictesimon.com\/index.php\/chirurgie\/\">Chirurgie<\/a><\/h2>\t\t<\/div>\n\t\t\t\t<\/div>\n\t\t\t\t<div class=\"elementor-element elementor-element-9580a6a elementor-widget elementor-widget-text-editor\" data-id=\"9580a6a\" data-element_type=\"widget\" data-widget_type=\"text-editor.default\">\n\t\t\t\t<div class=\"elementor-widget-container\">\n\t\t\t\t\t\t\t\t<p>Toute intervention de chirurgie gyn\u00e9cologique n\u00e9cessite une organisation administrative et m\u00e9dicale au cabinet pilot\u00e9e par l&#8217;assistante. D\u00e9couvrez les \u00e9tapes d&#8217;une intervention, de sa programmation \u00e0 la sortie et la visite post-op\u00e9ratoire. <a href=\"http:\/\/drbenedictesimon.com\/index.php\/chirurgie\/\"><span style=\"text-decoration: underline;\">Lire plus<\/span><\/a><\/p>\t\t\t\t\t\t<\/div>\n\t\t\t\t<\/div>\n\t\t\t\t\t<\/div>\n\t\t<\/div>\n\t\t\t\t\t\t\t<\/div>\n\t\t<\/section>\n\t\t\t\t\t\t<\/div>\n\t\t\t\t\t<\/div>\n\t\t","protected":false},"excerpt":{"rendered":"<p>Accueil \u00a0 Chirurgie Gyn\u00e9cologique &amp; Obst\u00e9trique\u00a0 \u00a0 Le Docteur B\u00e9n\u00e9dicte SIMON, gyn\u00e9cologue-obst\u00e9tricienne \u00e0 Versailles, exerce \u00e0 son cabinet ainsi qu&#8217;\u00e0 la Clinique des Franciscaines. Ce site vise \u00e0 vous informer sur les questions que vous pouvez vous poser au sujet d&#8217;une grossesse et d&#8217;un accouchement ou d&#8217;une intervention chirurgicale. Il vous permettra ce concept que&hellip;&nbsp;<a href=\"https:\/\/drbenedictesimon.com\/\" class=\"\" rel=\"bookmark\">Lire la suite &raquo;<span class=\"screen-reader-text\">Accueil<\/span><\/a><\/p>\n","protected":false},"author":1,"featured_media":0,"parent":0,"menu_order":0,"comment_status":"closed","ping_status":"closed","template":"page-templates\/template-pagebuilder-full-width.php","meta":{"neve_meta_sidebar":"full-width","neve_meta_container":"","neve_meta_enable_content_width":"on","neve_meta_content_width":100,"neve_meta_title_alignment":"","neve_meta_author_avatar":"","neve_post_elements_order":"","neve_meta_disable_header":"","neve_meta_disable_footer":"","neve_meta_disable_title":""},"yoast_head":"<!-- This site is optimized with the Yoast SEO plugin v16.7 - https:\/\/yoast.com\/wordpress\/plugins\/seo\/ -->\n<title>Accueil - Dr B\u00e9n\u00e9dicte SIMON<\/title>\n<meta name=\"robots\" content=\"index, follow, max-snippet:-1, max-image-preview:large, max-video-preview:-1\" \/>\n<link rel=\"canonical\" href=\"https:\/\/drbenedictesimon.com\/\" \/>\n<meta property=\"og:locale\" content=\"fr_FR\" \/>\n<meta property=\"og:type\" content=\"article\" \/>\n<meta property=\"og:title\" content=\"Accueil - Dr B\u00e9n\u00e9dicte SIMON\" \/>\n<meta property=\"og:description\" content=\"Accueil \u00a0 Chirurgie Gyn\u00e9cologique &amp; Obst\u00e9trique\u00a0 \u00a0 Le Docteur B\u00e9n\u00e9dicte SIMON, gyn\u00e9cologue-obst\u00e9tricienne \u00e0 Versailles, exerce \u00e0 son cabinet ainsi qu&#8217;\u00e0 la Clinique des Franciscaines. Ce site vise \u00e0 vous informer sur les questions que vous pouvez vous poser au sujet d&#8217;une grossesse et d&#8217;un accouchement ou d&#8217;une intervention chirurgicale. Il vous permettra ce concept que&hellip;&nbsp;Lire la suite &raquo;Accueil\" \/>\n<meta property=\"og:url\" content=\"https:\/\/drbenedictesimon.com\/\" \/>\n<meta property=\"og:site_name\" content=\"Dr B\u00e9n\u00e9dicte SIMON\" \/>\n<meta property=\"article:modified_time\" content=\"2022-03-10T08:26:27+00:00\" \/>\n<meta property=\"og:image\" content=\"https:\/\/drbenedictesimon.com\/wp-content\/uploads\/2022\/01\/carte-2.png\" \/>\n<meta name=\"twitter:card\" content=\"summary_large_image\" \/>\n<meta name=\"twitter:label1\" content=\"Dur\u00e9e de lecture est.\" \/>\n\t<meta name=\"twitter:data1\" content=\"3 minutes\" \/>\n<script type=\"application\/ld+json\" class=\"yoast-schema-graph\">{\"@context\":\"https:\/\/schema.org\",\"@graph\":[{\"@type\":\"WebSite\",\"@id\":\"https:\/\/drbenedictesimon.com\/#website\",\"url\":\"https:\/\/drbenedictesimon.com\/\",\"name\":\"Dr B\\u00e9n\\u00e9dicte SIMON\",\"description\":\"Pour une naissance sereine\",\"potentialAction\":[{\"@type\":\"SearchAction\",\"target\":{\"@type\":\"EntryPoint\",\"urlTemplate\":\"https:\/\/drbenedictesimon.com\/?s={search_term_string}\"},\"query-input\":\"required name=search_term_string\"}],\"inLanguage\":\"fr-FR\"},{\"@type\":\"ImageObject\",\"@id\":\"https:\/\/drbenedictesimon.com\/#primaryimage\",\"inLanguage\":\"fr-FR\",\"url\":\"https:\/\/drbenedictesimon.com\/wp-content\/uploads\/2022\/01\/carte-2.png\",\"contentUrl\":\"https:\/\/drbenedictesimon.com\/wp-content\/uploads\/2022\/01\/carte-2.png\",\"width\":700,\"height\":605},{\"@type\":\"WebPage\",\"@id\":\"https:\/\/drbenedictesimon.com\/#webpage\",\"url\":\"https:\/\/drbenedictesimon.com\/\",\"name\":\"Accueil - Dr B\\u00e9n\\u00e9dicte SIMON\",\"isPartOf\":{\"@id\":\"https:\/\/drbenedictesimon.com\/#website\"},\"primaryImageOfPage\":{\"@id\":\"https:\/\/drbenedictesimon.com\/#primaryimage\"},\"datePublished\":\"2021-06-11T09:14:22+00:00\",\"dateModified\":\"2022-03-10T08:26:27+00:00\",\"breadcrumb\":{\"@id\":\"https:\/\/drbenedictesimon.com\/#breadcrumb\"},\"inLanguage\":\"fr-FR\",\"potentialAction\":[{\"@type\":\"ReadAction\",\"target\":[\"https:\/\/drbenedictesimon.com\/\"]}]},{\"@type\":\"BreadcrumbList\",\"@id\":\"https:\/\/drbenedictesimon.com\/#breadcrumb\",\"itemListElement\":[{\"@type\":\"ListItem\",\"position\":1,\"name\":\"Accueil\",\"item\":\"https:\/\/drbenedictesimon.com\/\"},{\"@type\":\"ListItem\",\"position\":2,\"name\":\"Accueil\"}]}]}<\/script>\n<!-- \/ Yoast SEO plugin. -->","yoast_head_json":{"title":"Accueil - Dr B\u00e9n\u00e9dicte SIMON","robots":{"index":"index","follow":"follow","max-snippet":"max-snippet:-1","max-image-preview":"max-image-preview:large","max-video-preview":"max-video-preview:-1"},"canonical":"https:\/\/drbenedictesimon.com\/","og_locale":"fr_FR","og_type":"article","og_title":"Accueil - Dr B\u00e9n\u00e9dicte SIMON","og_description":"Accueil \u00a0 Chirurgie Gyn\u00e9cologique &amp; Obst\u00e9trique\u00a0 \u00a0 Le Docteur B\u00e9n\u00e9dicte SIMON, gyn\u00e9cologue-obst\u00e9tricienne \u00e0 Versailles, exerce \u00e0 son cabinet ainsi qu&#8217;\u00e0 la Clinique des Franciscaines. Ce site vise \u00e0 vous informer sur les questions que vous pouvez vous poser au sujet d&#8217;une grossesse et d&#8217;un accouchement ou d&#8217;une intervention chirurgicale. Il vous permettra ce concept que&hellip;&nbsp;Lire la suite &raquo;Accueil","og_url":"https:\/\/drbenedictesimon.com\/","og_site_name":"Dr B\u00e9n\u00e9dicte SIMON","article_modified_time":"2022-03-10T08:26:27+00:00","og_image":[{"url":"https:\/\/drbenedictesimon.com\/wp-content\/uploads\/2022\/01\/carte-2.png"}],"twitter_card":"summary_large_image","twitter_misc":{"Dur\u00e9e de lecture est.":"3 minutes"},"schema":{"@context":"https:\/\/schema.org","@graph":[{"@type":"WebSite","@id":"https:\/\/drbenedictesimon.com\/#website","url":"https:\/\/drbenedictesimon.com\/","name":"Dr B\u00e9n\u00e9dicte SIMON","description":"Pour une naissance sereine","potentialAction":[{"@type":"SearchAction","target":{"@type":"EntryPoint","urlTemplate":"https:\/\/drbenedictesimon.com\/?s={search_term_string}"},"query-input":"required name=search_term_string"}],"inLanguage":"fr-FR"},{"@type":"ImageObject","@id":"https:\/\/drbenedictesimon.com\/#primaryimage","inLanguage":"fr-FR","url":"https:\/\/drbenedictesimon.com\/wp-content\/uploads\/2022\/01\/carte-2.png","contentUrl":"https:\/\/drbenedictesimon.com\/wp-content\/uploads\/2022\/01\/carte-2.png","width":700,"height":605},{"@type":"WebPage","@id":"https:\/\/drbenedictesimon.com\/#webpage","url":"https:\/\/drbenedictesimon.com\/","name":"Accueil - Dr B\u00e9n\u00e9dicte SIMON","isPartOf":{"@id":"https:\/\/drbenedictesimon.com\/#website"},"primaryImageOfPage":{"@id":"https:\/\/drbenedictesimon.com\/#primaryimage"},"datePublished":"2021-06-11T09:14:22+00:00","dateModified":"2022-03-10T08:26:27+00:00","breadcrumb":{"@id":"https:\/\/drbenedictesimon.com\/#breadcrumb"},"inLanguage":"fr-FR","potentialAction":[{"@type":"ReadAction","target":["https:\/\/drbenedictesimon.com\/"]}]},{"@type":"BreadcrumbList","@id":"https:\/\/drbenedictesimon.com\/#breadcrumb","itemListElement":[{"@type":"ListItem","position":1,"name":"Accueil","item":"https:\/\/drbenedictesimon.com\/"},{"@type":"ListItem","position":2,"name":"Accueil"}]}]}},"uagb_featured_image_src":{"full":false,"thumbnail":false,"medium":false,"medium_large":false,"large":false,"1536x1536":false,"2048x2048":false,"neve-blog":false},"uagb_author_info":{"display_name":"admin2044","author_link":"https:\/\/drbenedictesimon.com\/index.php\/author\/admin2044\/"},"uagb_comment_info":0,"uagb_excerpt":"Accueil \u00a0 Chirurgie Gyn\u00e9cologique &amp; Obst\u00e9trique\u00a0 \u00a0 Le Docteur B\u00e9n\u00e9dicte SIMON, gyn\u00e9cologue-obst\u00e9tricienne \u00e0 Versailles, exerce \u00e0 son cabinet ainsi qu&#8217;\u00e0 la Clinique des Franciscaines. Ce site vise \u00e0 vous informer sur les questions que vous pouvez vous poser au sujet d&#8217;une grossesse et d&#8217;un accouchement ou d&#8217;une intervention chirurgicale. Il vous permettra ce concept que&hellip;&nbsp;Lire\u2026","_links":{"self":[{"href":"https:\/\/drbenedictesimon.com\/index.php\/wp-json\/wp\/v2\/pages\/1158"}],"collection":[{"href":"https:\/\/drbenedictesimon.com\/index.php\/wp-json\/wp\/v2\/pages"}],"about":[{"href":"https:\/\/drbenedictesimon.com\/index.php\/wp-json\/wp\/v2\/types\/page"}],"author":[{"embeddable":true,"href":"https:\/\/drbenedictesimon.com\/index.php\/wp-json\/wp\/v2\/users\/1"}],"replies":[{"embeddable":true,"href":"https:\/\/drbenedictesimon.com\/index.php\/wp-json\/wp\/v2\/comments?post=1158"}],"version-history":[{"count":260,"href":"https:\/\/drbenedictesimon.com\/index.php\/wp-json\/wp\/v2\/pages\/1158\/revisions"}],"predecessor-version":[{"id":2372,"href":"https:\/\/drbenedictesimon.com\/index.php\/wp-json\/wp\/v2\/pages\/1158\/revisions\/2372"}],"wp:attachment":[{"href":"https:\/\/drbenedictesimon.com\/index.php\/wp-json\/wp\/v2\/media?parent=1158"}],"curies":[{"name":"wp","href":"https:\/\/api.w.org\/{rel}","templated":true}]}}